{"id":103,"date":"2023-09-17T21:24:11","date_gmt":"2023-09-17T19:24:11","guid":{"rendered":"https:\/\/radiointerventions.fr\/?page_id=103"},"modified":"2025-09-11T10:03:26","modified_gmt":"2025-09-11T08:03:26","slug":"epicondylite-douleur","status":"publish","type":"page","link":"https:\/\/radiointerventions.com\/index.php\/epicondylite-douleur\/","title":{"rendered":"Epicondylite"},"content":{"rendered":"\r\n<h1 class=\"wp-block-heading\">Epicondylite, traitement par embolisation de l&rsquo;\u00e9picondylite au coude<\/h1>\r\n\r\n\r\n\r\n<figure class=\"wp-block-image size-large\"><img fetchpriority=\"high\" decoding=\"async\" width=\"2800\" height=\"1980\" class=\"wp-image-501\" src=\"https:\/\/radiointerventions.files.wordpress.com\/2023\/10\/epicondylite.png?w=1024\" alt=\"\" srcset=\"https:\/\/radiointerventions.com\/wp-content\/uploads\/2023\/10\/epicondylite.png 2800w, https:\/\/radiointerventions.com\/wp-content\/uploads\/2023\/10\/epicondylite-300x212.png 300w, https:\/\/radiointerventions.com\/wp-content\/uploads\/2023\/10\/epicondylite-1024x724.png 1024w, https:\/\/radiointerventions.com\/wp-content\/uploads\/2023\/10\/epicondylite-768x543.png 768w, https:\/\/radiointerventions.com\/wp-content\/uploads\/2023\/10\/epicondylite-1536x1086.png 1536w, https:\/\/radiointerventions.com\/wp-content\/uploads\/2023\/10\/epicondylite-2048x1448.png 2048w\" sizes=\"(max-width: 2800px) 100vw, 2800px\" \/><\/figure>\r\n\r\n\r\n\r\n<p class=\"has-text-align-justify\"><strong>Epicondylite ou tennis elbow<\/strong> <br \/>Inflammation de l\u2019insertion des tendons, \u00e0 la partie lat\u00e9rale ou interne du coude, autrement appel\u00e9 \u00ab\u00a0tennis elbow\u00a0\u00bb en raison de sa survenue pr\u00e9f\u00e9rentielle chez les joueurs de tennis amateur de par l\u2019hypersolicitation musculaire.<\/p>\r\n\r\n\r\n\r\n<p class=\"has-text-align-justify\"><br \/>Trait\u00e9 m\u00e9dicalement avec port d\u2019attelle, kin\u00e9sith\u00e9rapie et infiltration, en cas d\u2019\u00e9chec un traitement chirurgical peut \u00eatre propos\u00e9 et vous sera au mieux pr\u00e9sent\u00e9 en consultation par un chirurgien sp\u00e9cialis\u00e9.<\/p>\r\n\r\n\r\n\r\n<h1 class=\"wp-block-heading\">L&#8217;embolisation de l&rsquo;\u00e9picondylite comme traitement mini-invasif de Radiologie Interventionnelle (embolisation de coude)<\/h1>\r\n\r\n\r\n\r\n<p class=\"has-text-align-justify\"><br \/>L\u2019embolisation est un traitement innovant de l&rsquo;\u00e9picondylite, et consiste \u00e0 boucher les vaisseaux vascularisant l\u2019inflammation de l\u2019insertion de ces tendons afin de diminuer l\u2019inflammation et soulager les sympt\u00f4mes.<\/p>\r\n\r\n\r\n\r\n<div class=\"wp-block-jetpack-tiled-gallery aligncenter is-style-rectangular\">\r\n<div class=\"tiled-gallery__gallery\">\r\n<div class=\"tiled-gallery__row\">\r\n<div class=\"tiled-gallery__col\" style=\"flex-basis: 51.32189%;\">\r\n<figure class=\"tiled-gallery__item\"><img decoding=\"async\" src=\"https:\/\/radiointerventions.files.wordpress.com\/2023\/03\/capture-decran-2023-03-21-a-21.46.25.png\" alt=\"\" data-height=\"518\" data-id=\"176\" data-link=\"https:\/\/radiointerventions.fr\/?attachment_id=176\" data-url=\"https:\/\/radiointerventions.files.wordpress.com\/2023\/03\/capture-decran-2023-03-21-a-21.46.25.png?w=402\" data-width=\"402\" \/><\/figure>\r\n<\/div>\r\n<div class=\"tiled-gallery__col\" style=\"flex-basis: 48.67811%;\">\r\n<figure class=\"tiled-gallery__item\"><img decoding=\"async\" src=\"https:\/\/radiointerventions.files.wordpress.com\/2023\/03\/capture-decran-2023-03-21-a-21.46.40.png\" alt=\"\" data-height=\"500\" data-id=\"175\" data-link=\"https:\/\/radiointerventions.fr\/?attachment_id=175\" data-url=\"https:\/\/radiointerventions.files.wordpress.com\/2023\/03\/capture-decran-2023-03-21-a-21.46.40.png?w=368\" data-width=\"368\" \/><\/figure>\r\n<\/div>\r\n<\/div>\r\n<\/div>\r\n<\/div>\r\n\r\n\r\n\r\n<p class=\"has-text-align-justify\">Exemple d&#8217;embolisation d&rsquo;\u00e9picondylite lat\u00e9rale droite. Apr\u00e8s injection de produit de contraste, on peut aller emboliser l&rsquo;art\u00e8re \u00e0 l&rsquo;origine de l&rsquo;inflammation \u00e0 l&rsquo;aide d&rsquo;un microcath\u00e9ter mesurant moins d&rsquo;un millim\u00e8tre.<\/p>\r\n\r\n\r\n\r\n<p>&nbsp;<\/p>\r\n\r\n\r\n\r\n<h2 class=\"wp-block-heading\">Qu&rsquo;est ce que l\u2019embolisation \u00a0?<\/h2>\r\n\r\n\r\n\r\n<p class=\"has-text-align-justify\">L&#8217;embolisation est le principe de boucher les vaisseaux \u00e0 l&rsquo;origine de l&rsquo;inflammation. Elle est r\u00e9alis\u00e9e sous anesth\u00e9sie locale ou s\u00e9dation. Apr\u00e8s ponction art\u00e9rielle au pli de l&rsquo;aine ou bien au poignet, un cath\u00e9ter est ins\u00e9r\u00e9 et guid\u00e9 sous Rayons X jusqu&rsquo;aux art\u00e8res vascularisant les zones inflamm\u00e9es douloureuses. L&#8217;embolisation est ensuite r\u00e9alis\u00e9e, puis une fois le traitement r\u00e9alis\u00e9, le mat\u00e9riel est retir\u00e9 et le point de ponction art\u00e9riel est ferm\u00e9 par dispositif d\u00e9di\u00e9 ou compression manuelle.<\/p>\r\n\r\n\r\n\r\n<h2 class=\"wp-block-heading\">Quels sont les r\u00e9sultats de l\u2019embolisation pour \u00e9picondylite ?<\/h2>\r\n\r\n\r\n\r\n<p class=\"has-text-align-justify\">L&#8217;embolisation est un traitement innovant des \u00e9picondylites, et nous avons encore peu de recul. Les \u00e9tudes pour le moment publi\u00e9es rapportent une diminution de la douleur par 2, et une grande s\u00e9curit\u00e9 du traitement.<\/p>\r\n\r\n\r\n\r\n<h2 class=\"wp-block-heading\">Quels sont les risques de l\u2019embolisation pour \u00e9picondylite ?<\/h2>\r\n\r\n\r\n\r\n<p class=\"has-text-align-justify\">Les \u00e9tudes r\u00e9alis\u00e9es ont permis d&rsquo;affirmer la bonne s\u00e9curit\u00e9 du traitement. Les possibles complications vous seront au mieux expliqu\u00e9es en consultation par votre Radiologue Interventionnel.<br \/>On peut dors et d\u00e9j\u00e0 citer:<br \/>-la complication au point de ponction art\u00e9rielle (h\u00e9matome, thrombose)<br \/>-l&rsquo;apparition de rougeurs cutan\u00e9es gu\u00e9rissant spontan\u00e9ment sous 1 mois.<\/p>\r\n\r\n\r\n\r\n<h2 class=\"wp-block-heading\">Comment se d\u00e9roule une embolisation d&rsquo;\u00e9picondylite?<\/h2>\r\n\r\n\r\n\r\n<p>&nbsp;<\/p>\r\n\r\n\r\n\r\n<p class=\"has-text-align-justify\">L&#8217;embolisation peut se d\u00e9rouler sous anesth\u00e9sie locale ou l\u00e9g\u00e8re s\u00e9dation. Apr\u00e8s ponction art\u00e9rielle au pli de l&rsquo;aine ou au poignet, un cath\u00e9ter est introduit dans l&rsquo;art\u00e8re et guid\u00e9 sous rayons X pour aller jusqu&rsquo;aux art\u00e8res vascularisant les zones inflamm\u00e9es. Une fois en place, l&#8217;embolisation est r\u00e9alis\u00e9e afin de diminuer les zones d&rsquo;hypervascularisation li\u00e9e \u00e0 l&rsquo;inflammation.<br \/>L&#8217;embolisation peut d\u00e9clencher les douleurs ressenties habituellement, des antalgiques adapt\u00e9s vous seront alors administr\u00e9s<\/p>\r\n\r\n\r\n\r\n<p class=\"has-text-align-justify\">Une fois le traitement r\u00e9alis\u00e9, le mat\u00e9riel est retir\u00e9 et la ponction art\u00e9rielle est referm\u00e9e par syst\u00e8me d\u00e9di\u00e9 ou bien par compression manuelle.<br \/>Le patient doit ensuite rester allong\u00e9 au moins 3h.<\/p>\r\n\r\n\r\n\r\n<h2 class=\"wp-block-heading\">Quelles sont les suites op\u00e9ratoires\u00a0?<\/h2>\r\n\r\n\r\n\r\n<p class=\"has-text-align-justify\">Dans les suites de l&rsquo;intervention, l&rsquo;articulation peut gonfler pendant quelques jours, et d\u00e9gonflera de fa\u00e7on spontan\u00e9e.<br \/>Il est conseill\u00e9 de ne pas porter de charge lourde ni de pratique de sport intense pendant 1 mois pour \u00e9viter de relancer le processus inflammatoire.<br \/>Si vous rencontrez des difficult\u00e9s, n&rsquo;h\u00e9sitez pas \u00e0 contacter votre Radiologue Interventionnel.<\/p>\r\n\r\n\r\n\r\n<p>&nbsp;<\/p>\r\n\r\n\r\n\r\n<p>&nbsp;<\/p>\r\n\r\n\r\n\r\n<p>&nbsp;<\/p>\r\n\r\n\r\n\r\n<p><strong><em>R\u00e9f\u00e9rences Bibliographiques<\/em><\/strong><\/p>\r\n\r\n\r\n\r\n<p><a href=\"https:\/\/pubmed.ncbi.nlm.nih.gov\/28734535\/\">Embolisation d&rsquo;\u00e9picondylite lat\u00e9rale<\/a><\/p>\r\n\r\n\r\n\r\n<p>&nbsp;<\/p>\r\n\r\n\r\n\r\n<p>&nbsp;<\/p>\r\n<p>&nbsp;<\/p>\r\n<h4 style=\"text-align: center;\"><a href=\"https:\/\/www.doctolib.fr\/radiologue\/paris\/charles-querub\"><strong>Prendre Rendez-vous<\/strong><\/a>\u00a0<\/h4>\r\n\r\n\r\n\r\n<h2 class=\"wp-block-heading\">\u00a0<\/h2>\r\n\r\n\r\n\r\n<h2 class=\"wp-block-heading\">\u00a0<\/h2>\r\n","protected":false},"excerpt":{"rendered":"<p>Epicondylite, traitement par embolisation de l&rsquo;\u00e9picondylite au coude Epicondylite ou tennis elbow Inflammation de l\u2019insertion des tendons, \u00e0 la partie lat\u00e9rale ou interne du coude, autrement appel\u00e9 \u00ab\u00a0tennis elbow\u00a0\u00bb en raison de sa survenue pr\u00e9f\u00e9rentielle chez les joueurs de tennis amateur de par l\u2019hypersolicitation musculaire. Trait\u00e9 m\u00e9dicalement avec port d\u2019attelle, kin\u00e9sith\u00e9rapie et infiltration, en cas &hellip; <a href=\"https:\/\/radiointerventions.com\/index.php\/epicondylite-douleur\/\" class=\"more-link\">Lire la suite <span class=\"screen-reader-text\">Epicondylite<\/span><\/a><\/p>\n","protected":false},"author":1,"featured_media":0,"parent":0,"menu_order":0,"comment_status":"closed","ping_status":"closed","template":"","meta":{"footnotes":""},"aioseo_notices":[],"_links":{"self":[{"href":"https:\/\/radiointerventions.com\/index.php\/wp-json\/wp\/v2\/pages\/103"}],"collection":[{"href":"https:\/\/radiointerventions.com\/index.php\/wp-json\/wp\/v2\/pages"}],"about":[{"href":"https:\/\/radiointerventions.com\/index.php\/wp-json\/wp\/v2\/types\/page"}],"author":[{"embeddable":true,"href":"https:\/\/radiointerventions.com\/index.php\/wp-json\/wp\/v2\/users\/1"}],"replies":[{"embeddable":true,"href":"https:\/\/radiointerventions.com\/index.php\/wp-json\/wp\/v2\/comments?post=103"}],"version-history":[{"count":6,"href":"https:\/\/radiointerventions.com\/index.php\/wp-json\/wp\/v2\/pages\/103\/revisions"}],"predecessor-version":[{"id":1033,"href":"https:\/\/radiointerventions.com\/index.php\/wp-json\/wp\/v2\/pages\/103\/revisions\/1033"}],"wp:attachment":[{"href":"https:\/\/radiointerventions.com\/index.php\/wp-json\/wp\/v2\/media?parent=103"}],"curies":[{"name":"wp","href":"https:\/\/api.w.org\/{rel}","templated":true}]}}