{"id":109,"date":"2023-09-17T21:24:10","date_gmt":"2023-09-17T19:24:10","guid":{"rendered":"https:\/\/radiointerventions.fr\/?page_id=109"},"modified":"2025-09-03T11:19:49","modified_gmt":"2025-09-03T09:19:49","slug":"fracture-de-vertebre","status":"publish","type":"page","link":"https:\/\/radiointerventions.com\/index.php\/fracture-de-vertebre\/","title":{"rendered":"Fracture de vert\u00e8bre"},"content":{"rendered":"\r\n<h1 class=\"wp-block-heading\">Fracture de vert\u00e8bre<\/h1>\r\n\r\n\r\n\r\n<h1 class=\"wp-block-heading\">La Cimentoplastie<\/h1>\r\n<h1>La Vert\u00e9broplastie<\/h1>\r\n\r\n\r\n\r\n<figure class=\"wp-block-image aligncenter size-large\"><img fetchpriority=\"high\" decoding=\"async\" width=\"1024\" height=\"724\" class=\"wp-image-631\" src=\"https:\/\/radiointerventions.com\/wp-content\/uploads\/2023\/10\/gif-vertebro.gif?w=1024\" alt=\"\" \/>\r\n<figcaption class=\"wp-element-caption\">Cimentoplastie d&rsquo;une vert\u00e8bre fractur\u00e9e<\/figcaption>\r\n<\/figure>\r\n\r\n\r\n\r\n<p class=\"has-text-align-justify\">Lors d\u2019une fort traumatisme, ou bien sur un os fragilis\u00e9 par ost\u00e9oporose par exemple, une ou plusieurs vert\u00e8bres peuvent se fracturer.<br \/><br \/>Un traitement par chirurgie doit \u00eatre discut\u00e9 en cas d\u2019instabilit\u00e9 ou de d\u00e9s\u00e9quilibre.<br \/>Chez les patients souffrant d&rsquo;ost\u00e9oporose ou bien qui ne pr\u00e9sente pas de perte de hauteur ou de d\u00e9s\u00e9quilibre , un traitement par corset pourra immobiliser le patient pour permettre une consolidation spontan\u00e9e de la fracture si le patient ne rel\u00e8ve pas d\u2019une chirurgie.<br \/><br \/>Le port du corset peut parfois \u00eatre tr\u00e8s contraignant, et n\u00e9cessite une immobilisation prolong\u00e9e pendant plusieurs semaines voir mois. Certains patients malheureusement ne consolident pas bien sous traitement m\u00e9dical seul.<\/p>\r\n\r\n\r\n\r\n<h1 class=\"wp-block-heading\">Traitement de la fracture de vert\u00e8bre par Vertebroplastie<\/h1>\r\n\r\n\r\n\r\n<p class=\"has-text-align-justify\">La vert\u00e9broplastie est un traitement mini invasif permettant de traiter des fractures vert\u00e9brales stables, ou bien des l\u00e9sions osseuses pouvant fragiliser l&rsquo;os (angiome vert\u00e9bral, m\u00e9tastase osseuse&#8230;).<br \/>Elle consiste en l\u2019insertion d\u2019un trocart m\u00e9tallique dans la ou les vert\u00e8bre(s) atteinte(s) puis l\u2019injection de ciment biologique permettant une consolidation de la vert\u00e8bre, permettant une diminution de la douleur et une pr\u00e9vention de la poursuite de l\u2019\u00e9crasement de la vert\u00e8bre.<br \/>La cimentoplastie se d\u00e9roule pour un confort optimal le plus souvent sous s\u00e9dation ou anesth\u00e9sie g\u00e9n\u00e9rale, mais certaines \u00e9quipes r\u00e9alise cette intervention sous anesth\u00e9sie locale.<br \/>Elle se d\u00e9roule en ambulatoire ou lors d&rsquo;une courte hospitalisation.<br \/>Le b\u00e9n\u00e9fice attendu est de diminuer les douleurs du patient, et\/ou de consolider l&rsquo;os atteint pour pr\u00e9venir un effondrement de la vert\u00e8bre.<br \/>Les risques encourus vous seront au mieux pr\u00e9cis\u00e9 pendant votre consultation avec un Radiologue Interventionnel et comprennent notamment, l&rsquo;infection, le saignement, et le risque de fuite de ciment.<br \/><br \/><strong>Important:<br \/>Au d\u00e9cours de la fracture vert\u00e9brale, il est primordial de consulter votre m\u00e9decin traitant ou votre rhumatologue pour d\u00e9pister et traiter une ost\u00e9oporose (fragilit\u00e9 osseuse) sous jacente pour pr\u00e9venir la survenue de nouvelles fractures.<\/strong><\/p>\r\n\r\n\r\n\r\n<p>&nbsp;<\/p>\r\n\r\n\r\n\r\n<h2 class=\"wp-block-heading\">Qu\u2019est ce que la cimentoplastie ?<\/h2>\r\n\r\n\r\n\r\n<p class=\"has-text-align-justify\">La vert\u00e9broplastie est un traitement mini invasif permettant de traiter des fractures vert\u00e9brales stables, ou bien des l\u00e9sions osseuses pouvant fragiliser l&rsquo;os (angiome vert\u00e9bral, m\u00e9tastase osseuse&#8230;).<br \/>Elle consiste en l\u2019insertion d\u2019un trocart m\u00e9tallique dans la ou les vert\u00e8bre(s) atteinte(s) puis l\u2019injection de ciment biologique permettant une consolidation de la vert\u00e8bre, permettant une diminution de la douleur et une pr\u00e9vention de la poursuite de l\u2019\u00e9crasement de la vert\u00e8bre.<\/p>\r\n\r\n\r\n\r\n<h2 class=\"wp-block-heading\">Quels sont les r\u00e9sultats de la cimentoplastie ?<\/h2>\r\n\r\n\r\n\r\n<p class=\"has-text-align-justify\">Les donn\u00e9es de la litt\u00e9rature rapportent une am\u00e9lioration des sympt\u00f4mes avec une diminution de l&rsquo;ordre de 50% des douleurs, maintenu \u00e0 distance.<\/p>\r\n\r\n\r\n\r\n<h2 class=\"wp-block-heading\">\u00a0<\/h2>\r\n\r\n\r\n\r\n<h2 class=\"wp-block-heading\">Quels sont les risques de la cimentoplastie ?<\/h2>\r\n\r\n\r\n\r\n<p class=\"has-text-align-justify\">Depuis maintenant plus de 30 ans, de nombreuses \u00e9tudes se sont pench\u00e9es sur la question. La cimentoplastie a \u00e9t\u00e9 prouv\u00e9e comme sure, avec peu de complication.Toutefois, comme toute intervention, il existe des risques li\u00e9s \u00e0 la proc\u00e9dure.<br \/>Ceux-ci vous seront au mieux expliqu\u00e9s par votre radiologue interventionnel lors de votre consultation. <br \/>A titre d\u2019information les principaux risques sont :<br \/>&#8211; l&rsquo;infection<br \/>&#8211; le saignement<br \/>&#8211; la fuite de ciment en arri\u00e8re de la vert\u00e8bre pouvant \u00eatre \u00e0 l&rsquo;origine d&rsquo;une compression nerveuse<\/p>\r\n\r\n\r\n\r\n<h2 class=\"wp-block-heading\">Puis-je b\u00e9n\u00e9ficier d\u2019une CIMentoplastie ?<\/h2>\r\n\r\n\r\n\r\n<p class=\"has-text-align-justify\">Afin de pouvoir savoir si vous pouvez b\u00e9n\u00e9ficier d\u2019une cimentoplastie, il vous faudra consulter un radiologue interventionnel avec un bilan complet comprenant un scanner et au mieux une IRM du rachis.<\/p>\r\n\r\n\r\n\r\n<h2 class=\"wp-block-heading\">Comment se d\u00e9roule une cimentoplastie?<\/h2>\r\n\r\n\r\n\r\n<p class=\"has-text-align-justify\">L\u2019intervention peut se pratiquer en ambulatoire ou bien lors d\u2019une courte hospitalisation selon les patients.<br \/>La cimentoplastie se d\u00e9roule pour un confort optimal le plus souvent sous s\u00e9dation ou anesth\u00e9sie g\u00e9n\u00e9rale, mais certaines \u00e9quipes r\u00e9alise cette intervention sous anesth\u00e9sie locale.<br \/>La dur\u00e9e moyenne d\u2019une intervention se situe entre 1h et 2h.<br \/>Apr\u00e8s avoir pris ses rep\u00e8res le m\u00e9decin ins\u00e8re le ou les trocarts dans les vert\u00e8bres cibl\u00e9es, puis le ciment biologique est pr\u00e9par\u00e9 et injecter dans les vert\u00e8bres sous contr\u00f4le des rayons X.<br \/>Une fois le traitement termin\u00e9, le mat\u00e9riel est r\u00e9tir\u00e9 et les point de ponctions sont ferm\u00e9s, par pansement ou suture si n\u00e9cessaire.<\/p>\r\n\r\n\r\n\r\n<h2 class=\"wp-block-heading\">Quelles sont les suites op\u00e9ratoires\u00a0?<\/h2>\r\n\r\n\r\n\r\n<p class=\"has-text-align-justify\">Le plus souvent le patient peut rentrer au domicile d\u00e8s le lendemain de l&rsquo;intervention.<br \/>La reprise de l&rsquo;activit\u00e9 est possible d\u00e8s le lendemain de l&rsquo;intervention.<br \/>Des douleurs de faible intensit\u00e9 peuvent \u00eatre ressentie pendant 10 jours en lien avec de petits h\u00e9matomes sur les trajets de ponction.<br \/>Une douleur plus important doit faire rechercher l&rsquo;apparition d&rsquo;une nouvelle fracture ou bien d&rsquo;une infection.<\/p>\r\n\r\n\r\n\r\n<p class=\"has-text-align-justify\"><br \/>Bien entendu en cas de probl\u00e8me ou d\u2019inqui\u00e9tude, n\u2019h\u00e9sitez pas \u00e0 contacter le m\u00e9decin qui vous aura pris en charge.<\/p>\r\n\r\n\r\n\r\n<p>&nbsp;<\/p>\r\n\r\n\r\n\r\n<p><strong><em>R\u00e9f\u00e9rences Bibliographiques<\/em><\/strong><\/p>\r\n\r\n\r\n\r\n<p><a href=\"https:\/\/pubmed.ncbi.nlm.nih.gov\/37462495\/\">Cimentoplastie sur fracture vert\u00e9brale<\/a><\/p>\r\n\r\n\r\n\r\n<p>&nbsp;<\/p>\r\n<p>&nbsp;<\/p>\r\n<p>&nbsp;<\/p>\r\n<p>&nbsp;<\/p>\r\n<h4 style=\"text-align: center;\"><a href=\"https:\/\/www.doctolib.fr\/radiologue\/paris\/charles-querub\"><strong>Prendre Rendez-vous<\/strong><\/a>\u00a0<\/h4>\r\n\r\n\r\n\r\n<h2 class=\"wp-block-heading\">\u00a0<\/h2>\r\n","protected":false},"excerpt":{"rendered":"<p>Fracture de vert\u00e8bre La Cimentoplastie La Vert\u00e9broplastie Lors d\u2019une fort traumatisme, ou bien sur un os fragilis\u00e9 par ost\u00e9oporose par exemple, une ou plusieurs vert\u00e8bres peuvent se fracturer. Un traitement par chirurgie doit \u00eatre discut\u00e9 en cas d\u2019instabilit\u00e9 ou de d\u00e9s\u00e9quilibre.Chez les patients souffrant d&rsquo;ost\u00e9oporose ou bien qui ne pr\u00e9sente pas de perte de hauteur &hellip; <a href=\"https:\/\/radiointerventions.com\/index.php\/fracture-de-vertebre\/\" class=\"more-link\">Lire la suite <span class=\"screen-reader-text\">Fracture de vert\u00e8bre<\/span><\/a><\/p>\n","protected":false},"author":1,"featured_media":0,"parent":0,"menu_order":0,"comment_status":"closed","ping_status":"closed","template":"","meta":{"footnotes":""},"aioseo_notices":[],"_links":{"self":[{"href":"https:\/\/radiointerventions.com\/index.php\/wp-json\/wp\/v2\/pages\/109"}],"collection":[{"href":"https:\/\/radiointerventions.com\/index.php\/wp-json\/wp\/v2\/pages"}],"about":[{"href":"https:\/\/radiointerventions.com\/index.php\/wp-json\/wp\/v2\/types\/page"}],"author":[{"embeddable":true,"href":"https:\/\/radiointerventions.com\/index.php\/wp-json\/wp\/v2\/users\/1"}],"replies":[{"embeddable":true,"href":"https:\/\/radiointerventions.com\/index.php\/wp-json\/wp\/v2\/comments?post=109"}],"version-history":[{"count":6,"href":"https:\/\/radiointerventions.com\/index.php\/wp-json\/wp\/v2\/pages\/109\/revisions"}],"predecessor-version":[{"id":1029,"href":"https:\/\/radiointerventions.com\/index.php\/wp-json\/wp\/v2\/pages\/109\/revisions\/1029"}],"wp:attachment":[{"href":"https:\/\/radiointerventions.com\/index.php\/wp-json\/wp\/v2\/media?parent=109"}],"curies":[{"name":"wp","href":"https:\/\/api.w.org\/{rel}","templated":true}]}}