{"id":111,"date":"2023-09-17T21:24:08","date_gmt":"2023-09-17T19:24:08","guid":{"rendered":"https:\/\/radiointerventions.fr\/?page_id=111"},"modified":"2025-09-11T10:05:24","modified_gmt":"2025-09-11T08:05:24","slug":"hypertrophie-benigne-de-prostate","status":"publish","type":"page","link":"https:\/\/radiointerventions.com\/index.php\/hypertrophie-benigne-de-prostate\/","title":{"rendered":"Hypertrophie B\u00e9nigne de Prostate"},"content":{"rendered":"\r\n<h1 class=\"wp-block-heading\">Hypertrophie B\u00e9nigne de prostate, traitement par embolisation de prostate<\/h1>\r\n\r\n\r\n\r\n<div class=\"wp-block-group is-layout-constrained wp-block-group-is-layout-constrained\"><div class=\"wp-block-group__inner-container\">\r\n<div class=\"wp-block-group is-layout-constrained wp-block-group-is-layout-constrained\"><div class=\"wp-block-group__inner-container\">\r\n<div class=\"wp-block-jetpack-tiled-gallery aligncenter is-style-rectangular\">\r\n<div class=\"tiled-gallery__gallery\">\r\n<div class=\"tiled-gallery__row\">\r\n<div class=\"tiled-gallery__col\" style=\"flex-basis: 50.00000%;\">\r\n<figure class=\"tiled-gallery__item\"><img decoding=\"async\" src=\"https:\/\/radiointerventions.com\/wp-content\/uploads\/2023\/10\/prosate-normal-fon-blanc.jpg\" alt=\"\" data-height=\"1980\" data-id=\"637\" data-link=\"https:\/\/radiointerventions.fr\/hypertrophie-benigne-de-prostate\/prosate-normal-fon-blanc\/\" data-url=\"https:\/\/radiointerventions.com\/wp-content\/uploads\/2023\/10\/prosate-normal-fon-blanc.jpg?w=1024\" data-width=\"2800\" \/><\/figure>\r\n<\/div>\r\n<div class=\"tiled-gallery__col\" style=\"flex-basis: 50.00000%;\">\r\n<figure class=\"tiled-gallery__item\"><img decoding=\"async\" src=\"https:\/\/radiointerventions.com\/wp-content\/uploads\/2023\/10\/hypertrophie-benigne-de-prostate-fond-blanc.jpg\" alt=\"\" data-height=\"1980\" data-id=\"636\" data-link=\"https:\/\/radiointerventions.fr\/hypertrophie-benigne-de-prostate\/hypertrophie-benigne-de-prostate-fond-blanc\/\" data-url=\"https:\/\/radiointerventions.com\/wp-content\/uploads\/2023\/10\/hypertrophie-benigne-de-prostate-fond-blanc.jpg?w=1024\" data-width=\"2800\" \/><\/figure>\r\n<\/div>\r\n<\/div>\r\n<\/div>\r\n<\/div>\r\n<\/div><\/div>\r\n<\/div><\/div>\r\n\r\n\r\n\r\n<p><em><strong>Illustration d&rsquo;une prostate normale en haut, et d&rsquo;une prostate hypertrophi\u00e9e en bas de l&rsquo;image<br \/><\/strong><\/em><\/p>\r\n\r\n\r\n\r\n<p>&nbsp;<\/p>\r\n\r\n\r\n\r\n<p class=\"has-text-align-justify\">La prostate est une glande situ\u00e9e sous la vessie et entourant l\u2019ur\u00e8tre qui permet l\u2019\u00e9coulement des urines.<br \/>Avec le temps, elle prend en volume et peut venir r\u00e9tr\u00e9cir le passage des urines : hypertrophie b\u00e9nigne (non canc\u00e9reuse) de prostate.<br \/>L&rsquo;Hypertrophie B\u00e9nigne de Prostate (HBP) est une affection courante qui touche les hommes avec l&rsquo;\u00e2ge. Elle touche environ la moiti\u00e9 des hommes de plus de 50 ans.<br \/>Elle peut \u00eatre asymptomatique, ou bien se manifester par des envies r\u00e9guli\u00e8res rapproch\u00e9es d\u2019uriner y compris la nuit. La vessie se vidant mal, l\u2019urine peut stagner, ce qui favorise les infections urinaires, et peut parfois aboutir jusqu\u2019\u00e0 un \u00e9pisode de r\u00e9tention aigue d\u2019urines (l\u2019urine ne passe plus du tout), imposant la mise en place d&rsquo;une sonde urinaire.<br \/><br \/>L&rsquo;HBP peut provoquer divers sympt\u00f4mes, notamment :<br \/>-des difficult\u00e9 \u00e0 commencer \u00e0 uriner<br \/>-un \u00e9coulement faible ou interrompu de l&rsquo;urine<br \/>-des mictions fr\u00e9quentes, en particulier la nuit<br \/>-une sensation de vidange incompl\u00e8te de la vessie<br \/>-une douleur ou br\u00fblure pendant la miction<br \/><br \/>Le diagnostic est g\u00e9n\u00e9ralement pos\u00e9 \u00e0 l&rsquo;aide d&rsquo;un examen physique (Toucher Rectal) et mieux pr\u00e9cis\u00e9 par une \u00e9chographie et une IRM de prostate pour estimer la taille de la prostate, son retentissement sur la vessie, et ne pas m\u00e9connaitre un cancer de prostate associ\u00e9.<br \/>Les traitements conservateurs, tels que les m\u00e9dicaments et les changements de mode de vie (diminuer sa consommation d&rsquo;eau avant le coucher&#8230;), peuvent \u00eatre efficaces pour g\u00e9rer l&rsquo;HBP.<\/p>\r\n\r\n\r\n\r\n<p class=\"has-text-align-justify\"><br \/>Trait\u00e9 dans un premier temps par m\u00e9dicaments, en cas d\u2019\u00e9chec ou de mauvaise tol\u00e9rance des m\u00e9dicaments, une lib\u00e9ration de cette g\u00e8ne \u00e0 l\u2019\u00e9coulement peut \u00eatre propos\u00e9 par chirurgie, le plus souvent par voie endoscopique (en passant par l\u2019ur\u00e8tre au niveau de la verge).<br \/>Les options de traitement chirurgical vous seront au mieux expliqu\u00e9es par un Urologue lors d&rsquo;une consultation d\u00e9di\u00e9e.<\/p>\r\n\r\n\r\n\r\n<h1 class=\"wp-block-heading\">L&#8217;embolisation de prostate est un traitement mini-invasif de l&rsquo;hypertrophie de prostate par Radiologie Interventionnelle<\/h1>\r\n\r\n\r\n\r\n<p class=\"has-text-align-justify\"><br \/>Depuis maintenant plus de 20 ans, une nouvelle technique consistant en l\u2019embolisation des art\u00e8res vascularisant la prostate, permet une diminution de volume et un ramollissement de la prostate, ce qui permet un meilleur \u00e9coulement des urines et donc de soulager les sympt\u00f4mes.<br \/>Cette intervention a pour principal int\u00e9r\u00eat d\u2019\u00eatre r\u00e9alisable en ambulatoire, et d\u2019\u00eatre peu pourvoyeuse de complications, notamment sur la fonction sexuelle ou sur l\u2019incontinence urinaire.<\/p>\r\n\r\n\r\n\r\n<p>&nbsp;<\/p>\r\n\r\n\r\n\r\n<figure class=\"wp-block-image aligncenter size-large\"><img fetchpriority=\"high\" decoding=\"async\" width=\"1142\" height=\"1330\" class=\"wp-image-570\" src=\"https:\/\/radiointerventions.com\/wp-content\/uploads\/2023\/10\/capture-decran-2023-10-16-a-19.41.22.png?w=879\" alt=\"\" srcset=\"https:\/\/radiointerventions.com\/wp-content\/uploads\/2023\/10\/capture-decran-2023-10-16-a-19.41.22.png 1142w, https:\/\/radiointerventions.com\/wp-content\/uploads\/2023\/10\/capture-decran-2023-10-16-a-19.41.22-258x300.png 258w, https:\/\/radiointerventions.com\/wp-content\/uploads\/2023\/10\/capture-decran-2023-10-16-a-19.41.22-879x1024.png 879w, https:\/\/radiointerventions.com\/wp-content\/uploads\/2023\/10\/capture-decran-2023-10-16-a-19.41.22-768x894.png 768w\" sizes=\"(max-width: 1142px) 100vw, 1142px\" \/>\r\n<figcaption class=\"wp-element-caption\">Illustration d&rsquo;une embolisation de l&rsquo;h\u00e9miprostate gauche<\/figcaption>\r\n<\/figure>\r\n\r\n\r\n\r\n<p>&nbsp;<\/p>\r\n\r\n\r\n\r\n<div class=\"wp-block-jetpack-tiled-gallery aligncenter is-style-rectangular\">\r\n<div class=\"tiled-gallery__gallery\">\r\n<div class=\"tiled-gallery__row\">\r\n<div class=\"tiled-gallery__col\" style=\"flex-basis: 58.40516%;\">\r\n<figure class=\"tiled-gallery__item\"><img decoding=\"async\" src=\"https:\/\/radiointerventions.files.wordpress.com\/2023\/03\/capture-decran-2023-03-21-a-21.52.26.png\" alt=\"\" data-height=\"424\" data-id=\"182\" data-link=\"https:\/\/radiointerventions.fr\/?attachment_id=182\" data-url=\"https:\/\/radiointerventions.files.wordpress.com\/2023\/03\/capture-decran-2023-03-21-a-21.52.26.png?w=404\" data-width=\"404\" \/><\/figure>\r\n<\/div>\r\n<div class=\"tiled-gallery__col\" style=\"flex-basis: 41.59484%;\">\r\n<figure class=\"tiled-gallery__item\"><img decoding=\"async\" src=\"https:\/\/radiointerventions.files.wordpress.com\/2023\/03\/capture-decran-2023-03-21-a-21.52.37.png\" alt=\"\" data-height=\"382\" data-id=\"181\" data-link=\"https:\/\/radiointerventions.fr\/?attachment_id=181\" data-url=\"https:\/\/radiointerventions.files.wordpress.com\/2023\/03\/capture-decran-2023-03-21-a-21.52.37.png?w=532\" data-width=\"532\" \/><\/figure>\r\n<figure class=\"tiled-gallery__item\"><img decoding=\"async\" src=\"https:\/\/radiointerventions.files.wordpress.com\/2023\/03\/capture-decran-2023-03-21-a-21.52.46.png\" alt=\"\" data-height=\"498\" data-id=\"180\" data-link=\"https:\/\/radiointerventions.fr\/?attachment_id=180\" data-url=\"https:\/\/radiointerventions.files.wordpress.com\/2023\/03\/capture-decran-2023-03-21-a-21.52.46.png?w=668\" data-width=\"668\" \/><\/figure>\r\n<\/div>\r\n<\/div>\r\n<\/div>\r\n<\/div>\r\n\r\n\r\n\r\n<p class=\"has-text-align-justify\">Exemple d&#8217;embolisation de la prostate chez un patient souffrant d&rsquo;une hypertrophie b\u00e9nigne de prostate. Apr\u00e8s avoir pass\u00e9 plusieurs ann\u00e9es \u00e0 uriner de fa\u00e7on r\u00e9p\u00e9t\u00e9es et parfois innoportunes, le patient a finalement \u00e9t\u00e9 incapable d&rsquo;uriner (globe urinaire), imposant la mise en place d&rsquo;une sonde urinaire impossible \u00e0 retirer sans qu&rsquo;il ne se mette \u00e0 nouveau en globe qu&rsquo;il a du garder \u00e0 demeure. 2 semaines apr\u00e8s embolisation, la sonde urinaire a pu \u00eatre retir\u00e9e, et il a repris une miction satisfaisante.<\/p>\r\n\r\n\r\n\r\n<figure class=\"wp-block-image size-large\"><img decoding=\"async\" width=\"1024\" height=\"724\" class=\"wp-image-634\" src=\"https:\/\/radiointerventions.com\/wp-content\/uploads\/2023\/10\/gif-hbp.gif?w=1024\" alt=\"\" \/><\/figure>\r\n\r\n\r\n\r\n<h2 class=\"wp-block-heading\">Qu\u2019est-ce que l\u2019Hyperplasie B\u00e9nigne de la Prostate\u00a0?<\/h2>\r\n\r\n\r\n\r\n<p class=\"has-text-align-justify\">Avec l&rsquo;\u00e2ge, la prostate grossit de facon naturelle, non canc\u00e9reuse, c\u2019est ce que l\u2019on appelle l\u2019Hyperplasie B\u00e9nigne de la Prostate (HBP). Comme la prostate entoure le canal urinaire (ur\u00e8tre), l&rsquo;augmentation de son volume peut venir st\u00e9noser\/r\u00e9tr\u00e9cir le passage des urines ce qui provoque des troubles plus ou moins invalidants de la fonction urinaire.<\/p>\r\n\r\n\r\n\r\n<h2 class=\"wp-block-heading\">Quels sont les sympt\u00f4mes les plus fr\u00e9quents\u00a0?<\/h2>\r\n\r\n\r\n\r\n<p class=\"has-text-align-justify\">Les sympt\u00f4mes de l\u2019HBP les plus fr\u00e9quemment d\u00e9crits sont\u00a0:<\/p>\r\n\r\n\r\n\r\n<p class=\"has-text-align-justify\">-des difficult\u00e9 \u00e0 commencer \u00e0 uriner<br \/>-un \u00e9coulement faible ou interrompu de l&rsquo;urine<br \/>-des mictions fr\u00e9quentes, en particulier la nuit<br \/>-une sensation de vidange incompl\u00e8te de la vessie<br \/>-une douleur ou br\u00fblure pendant la miction<\/p>\r\n\r\n\r\n\r\n<p class=\"has-text-align-justify\">Dans les cas les plus graves, l\u2019HBP peut mener \u00e0 des r\u00e9tentions aig\u00fces ou chroniques d\u2019urine n\u00e9cessitant la pause d\u2019une sonde urinaire.<\/p>\r\n\r\n\r\n\r\n<h2 class=\"wp-block-heading\">Qui est le plus susceptible de souffrir d\u2019Hypertrophie b\u00e9nigne de Prostate ?<\/h2>\r\n\r\n\r\n\r\n<p class=\"has-text-align-justify\">L\u2019HBP est une maladie tr\u00e8s fr\u00e9quente qui peut toucher tous les hommes \u00e0 partir de 40 ans, mais le plus souvent \u00e0 partir de 50 ans (50%)<\/p>\r\n\r\n\r\n\r\n<h2 class=\"wp-block-heading\">Qu&rsquo;est ce que l\u2019embolisation des art\u00e8res prostatiques\u00a0?<\/h2>\r\n\r\n\r\n\r\n<p class=\"has-text-align-justify\">L\u2019embolisation des art\u00e8res prostatique consiste, \u00e0 boucher les art\u00e8res vascularisant la prostate, pour diminuer son volume et sa consistance afin de permettre un meilleur \u00e9coulement des urines et donc une am\u00e9lioration des sympt\u00f4mes. Elle se r\u00e9alise sous anesth\u00e9sie locale ou parfois avec une s\u00e9dation, et peut \u00eatre trait\u00e9e en ambulatoire ou lors d&rsquo;une courte hospitalisation. L&rsquo;am\u00e9lioration des sympt\u00f4mes est progressive, et d\u00e9bute en g\u00e9n\u00e9ral \u00e0 2 semaines, avec une estimation plus compl\u00e8te de son effet \u00e0 3 mois.<\/p>\r\n\r\n\r\n\r\n<h2 class=\"wp-block-heading\">Quels sont les r\u00e9sultats de l\u2019embolisation de la prostate\u00a0?<\/h2>\r\n\r\n\r\n\r\n<p class=\"has-text-align-justify\">Les donn\u00e9es de la litt\u00e9rature rapportent une am\u00e9lioration des sympt\u00f4mes chez 80 % des patients. Ce qui signifie qu&rsquo;il existe un risque de 20% de ne pas am\u00e9liorer les sympt\u00f4mes, mais l&#8217;embolisation ne coupe aucunement la voie pour un traitement chirurgical si cela s&rsquo;av\u00e9rait n\u00e9cessaire.<\/p>\r\n\r\n\r\n\r\n\r\n\r\n<p>&nbsp;<\/p>\r\n\r\n\r\n\r\n<h2 class=\"wp-block-heading\">Quels sont les risques de de l\u2019embolisation de la prostate\u00a0?<\/h2>\r\n\r\n\r\n\r\n<p class=\"has-text-align-justify\">Depuis maintenant plus de 20 ans, de nombreuses \u00e9tudes se sont pench\u00e9es sur la question. L&#8217;embolisation a \u00e9t\u00e9 prouv\u00e9e comme sure, avec peu de complication.Toutefois, comme toute intervention, il existe des risques li\u00e9s \u00e0 la proc\u00e9dure. <br \/>Ceux-ci vous seront au mieux expliqu\u00e9s par votre radiologue interventionnel lors de votre consultation. Le pourcentage de complications est plus faible que celui de la chirurgie (RTUP, chirurgie ouverte).<br \/>A titre d&rsquo;information les principaux risques sont :<br \/>-la complication au point de ponction art\u00e9riel (h\u00e9matome, occlusion&#8230;)<br \/>-l&rsquo;apparition de sang dans le sperme, les selles ou les urines, mais restant transitoire,et disparaissant de fa\u00e7on spontan\u00e9e.<br \/>-il a \u00e9t\u00e9 d\u00e9crit des ulc\u00e8res du bulbe , gu\u00e9ris spontan\u00e9ment en quelques semaines<\/p>\r\n\r\n\r\n\r\n<p class=\"has-text-align-justify\">Il a \u00e9galement \u00e9t\u00e9 d\u00e9crit des r\u00e9cidives de sympt\u00f4mes en lien avec une repousse de prostate, qui pourra \u00eatre alors trait\u00e9 soit par embolisation soit par chirurgie selon le souhait du patient.<\/p>\r\n\r\n\r\n\r\n<h2 class=\"wp-block-heading\">Puis-je b\u00e9n\u00e9ficier d\u2019une embolisation de la prostate\u00a0?<\/h2>\r\n\r\n\r\n\r\n<p class=\"has-text-align-justify\">Afin de pouvoir savoir si vous pouvez b\u00e9n\u00e9ficier d&rsquo;une embolisation de la prostate, il vous faudra consulter un radiologue interventionnel avec un bilan complet:<br \/>-IRM de prostate<br \/>-PSA<br \/>-d\u00e9bitmetrie urinaire<br \/>-Questionnaires IPSS et QOL (scores cliniques de g\u00e8ne li\u00e9s \u00e0 l&rsquo;HBP)<\/p>\r\n\r\n\r\n\r\n<h2 class=\"wp-block-heading\">Comment se d\u00e9roule une embolisation de prostate ?<\/h2>\r\n\r\n\r\n\r\n<p class=\"has-text-align-justify\">L\u2019intervention peut se pratiquer en ambulatoire ou bien lors d&rsquo;une courte hospitalisation selon les patients. <br \/>L&rsquo;intervention se r\u00e9alise sous anesth\u00e9sie locale ou , si n\u00e9cessaire avec s\u00e9dation.<br \/>La dur\u00e9e moyenne d&rsquo;une intervention se situe entre 1h et 2h.<br \/>Apr\u00e8s avoir r\u00e9alis\u00e9 un acc\u00e8s art\u00e9riel (f\u00e9moral au creux de l&rsquo;aine, ou radial au poignet), le radiologue ins\u00e8re un cath\u00e9ter pour naviguer dans les art\u00e8res du corps et se rendre dans les art\u00e8res de la prostate. Cette navigation se r\u00e9alise sous guidage de l&rsquo;imagerie (rayons X). Une fois en place, il injecte des particules pour boucher les art\u00e8res prostatiques. Cette embolisation de r\u00e9alise \u00e0 gauche et \u00e0 droite car la prostate est constitu\u00e9e de 2 h\u00e9miglandes.<br \/>Une fois l&#8217;embolisation termin\u00e9e, le mat\u00e9riel est r\u00e9tir\u00e9 et le point d&rsquo;acc\u00e8s \u00e0 l&rsquo;art\u00e8re est ferm\u00e9, soit par un dispositif pr\u00e9vu \u00e0 cet effet, soit par une compression.<\/p>\r\n\r\n\r\n\r\n<p>&nbsp;<\/p>\r\n\r\n\r\n\r\n<h2 class=\"wp-block-heading\">Quelles sont les suites op\u00e9ratoires\u00a0?<\/h2>\r\n\r\n\r\n\r\n<p class=\"has-text-align-justify\">Il est pr\u00e9f\u00e9rable de ne par r\u00e9aliser d&rsquo;activit\u00e9 sportive dans les 10 jour suivant l&rsquo;intervention afin de laisser le temps \u00e0 l&rsquo;art\u00e8re de cicatriser pleinement.<br \/>La prostate \u00e9tant embolis\u00e9e, elle va envoyer des signaux d&rsquo;alerte au corps, ce qui peut \u00eatre \u00e0 l&rsquo;origine d&rsquo;une l\u00e9g\u00e8re fi\u00e8vre (&lt;39\u00b0C), des douleurs pelviennes et une sensation de fatigue peuvent appara\u00eetre dans les quelques jours suivant l\u2019intervention. Des traces de sang dans l\u2019urine, les selles et\/ou le sperme peuvent aussi survenir dans les jours et les semaines qui suivent l\u2019embolisation.<\/p>\r\n\r\n\r\n\r\n<p class=\"has-text-align-justify\">Votre suivi sera assur\u00e9 par un suivi clinique (scores IPSS et QOL) mais \u00e9galement biologique (PSA) et par IRM de prostate, \u00e0 3 et 6 mois.<br \/>Bien entendu en cas de probl\u00e8me ou d&rsquo;inqui\u00e9tude, n&rsquo;h\u00e9sitez pas \u00e0 contacter le m\u00e9decin qui vous aura pris en charge.<\/p>\r\n\r\n\r\n\r\n<p>&nbsp;<\/p>\r\n\r\n\r\n\r\n<p>&nbsp;<\/p>\r\n\r\n\r\n\r\n<p><strong><em>R\u00e9f\u00e9rences Bibliographiques<\/em><\/strong><\/p>\r\n\r\n\r\n\r\n<p><a href=\"https:\/\/pubmed.ncbi.nlm.nih.gov\/37415648\/\">Etude comparant le traitement m\u00e9dical et l&#8217;embolisation (PARTEM)<\/a><br \/><a href=\"https:\/\/pubmed.ncbi.nlm.nih.gov\/32249193\/\">Comparaison chirurgie et embolisation<\/a><\/p>\r\n\r\n\r\n\r\n<p>&nbsp;<\/p>\r\n<p>&nbsp;<\/p>\r\n<p>&nbsp;<\/p>\r\n<h4 style=\"text-align: center;\"><a href=\"https:\/\/www.doctolib.fr\/radiologue\/paris\/charles-querub\"><strong>Prendre Rendez-vous<\/strong><\/a>\u00a0<\/h4>\r\n","protected":false},"excerpt":{"rendered":"<p>Hypertrophie B\u00e9nigne de prostate, traitement par embolisation de prostate Illustration d&rsquo;une prostate normale en haut, et d&rsquo;une prostate hypertrophi\u00e9e en bas de l&rsquo;image &nbsp; La prostate est une glande situ\u00e9e sous la vessie et entourant l\u2019ur\u00e8tre qui permet l\u2019\u00e9coulement des urines.Avec le temps, elle prend en volume et peut venir r\u00e9tr\u00e9cir le passage des urines &hellip; <a href=\"https:\/\/radiointerventions.com\/index.php\/hypertrophie-benigne-de-prostate\/\" class=\"more-link\">Lire la suite <span class=\"screen-reader-text\">Hypertrophie B\u00e9nigne de Prostate<\/span><\/a><\/p>\n","protected":false},"author":1,"featured_media":0,"parent":0,"menu_order":0,"comment_status":"closed","ping_status":"closed","template":"","meta":{"footnotes":""},"aioseo_notices":[],"_links":{"self":[{"href":"https:\/\/radiointerventions.com\/index.php\/wp-json\/wp\/v2\/pages\/111"}],"collection":[{"href":"https:\/\/radiointerventions.com\/index.php\/wp-json\/wp\/v2\/pages"}],"about":[{"href":"https:\/\/radiointerventions.com\/index.php\/wp-json\/wp\/v2\/types\/page"}],"author":[{"embeddable":true,"href":"https:\/\/radiointerventions.com\/index.php\/wp-json\/wp\/v2\/users\/1"}],"replies":[{"embeddable":true,"href":"https:\/\/radiointerventions.com\/index.php\/wp-json\/wp\/v2\/comments?post=111"}],"version-history":[{"count":9,"href":"https:\/\/radiointerventions.com\/index.php\/wp-json\/wp\/v2\/pages\/111\/revisions"}],"predecessor-version":[{"id":1035,"href":"https:\/\/radiointerventions.com\/index.php\/wp-json\/wp\/v2\/pages\/111\/revisions\/1035"}],"wp:attachment":[{"href":"https:\/\/radiointerventions.com\/index.php\/wp-json\/wp\/v2\/media?parent=111"}],"curies":[{"name":"wp","href":"https:\/\/api.w.org\/{rel}","templated":true}]}}