{"id":115,"date":"2023-09-17T21:23:58","date_gmt":"2023-09-17T19:23:58","guid":{"rendered":"https:\/\/radiointerventions.fr\/?page_id=115"},"modified":"2025-09-11T09:59:01","modified_gmt":"2025-09-11T07:59:01","slug":"angiomyolipome","status":"publish","type":"page","link":"https:\/\/radiointerventions.com\/index.php\/angiomyolipome\/","title":{"rendered":"Angiomyolipome"},"content":{"rendered":"\r\n<h1 class=\"wp-block-heading\">L&#8217;embolisation de l&rsquo;Angiomyolipome<\/h1>\r\n\r\n\r\n\r\n<p class=\"has-text-align-justify\">L\u2019angiomyolipome est une tumeur b\u00e9nigne contenant comme son nom l\u2019indique 3 composantes angio(vaisseaux) myo(cellules musculaire) lipome(cellules graisseuses).<\/p>\r\n\r\n\r\n\r\n<p class=\"has-text-align-justify\">Il n&rsquo;existe pas de risque de d\u00e9g\u00e9n\u00e9rescence cancereuse. <br \/>Le principal risque est li\u00e9 au risque de saignement en lien avec l\u2019importance de sa taille et de la taille de sa composante vasculaire.<\/p>\r\n\r\n\r\n\r\n<h1 class=\"wp-block-heading\">L&#8217;embolisation de l&rsquo;Angiomyolipome r\u00e9nal est un traitement mini-invasif de Radiologie Interventionnelle <\/h1>\r\n\r\n\r\n\r\n<p class=\"has-text-align-justify\">Un traitement par embolisation est en g\u00e9n\u00e9ral conseill\u00e9 lorsqu\u2019il fait plus de 4cm ou\/et qu\u2019il comporte des vaisseaux anormalement nombreux ou dilat\u00e9s. Le traitement consiste en une ponction de l\u2019art\u00e8re f\u00e9moral puis le cath\u00e9t\u00e9risme et l\u2019embolisation des art\u00e8res vascularisant l\u2019angiomyolipome.<\/p>\r\n\r\n\r\n\r\n<h2 class=\"wp-block-heading\">Qu\u2019est ce que l\u2019embolisation \u00a0?<\/h2>\r\n\r\n\r\n\r\n<p class=\"has-text-align-justify\">L\u2019embolisation consiste, \u00e0 boucher les art\u00e8res vascularisant l&rsquo;angiomyolipome, pour diminuer son volume et surtout diminuer le risque de saignement. Elle se r\u00e9alise sous anesth\u00e9sie locale ou parfois avec une s\u00e9dation, et peut \u00eatre trait\u00e9e en ambulatoire ou lors d\u2019une courte hospitalisation.<\/p>\r\n\r\n\r\n\r\n<h2 class=\"wp-block-heading\">Quels sont les r\u00e9sultats de l\u2019embolisation ?<\/h2>\r\n\r\n\r\n\r\n<p class=\"has-text-align-justify\">Les donn\u00e9es de la litt\u00e9rature sont rares car il est difficile d&rsquo;estimer le risque exact de rupture\/saignement d&rsquo;un angiomyolipome. En effet de nombreux patients peuvent \u00eatre porteur d&rsquo;un AML sans en \u00eatre conscient et n&rsquo;avoir aucun suivi ou traitement.<br \/>Malheureusment il est encore courant de d\u00e9couvrir un AML chez un patient lorsque celui ci se met \u00e0 saigner, entrainant une h\u00e9morragie interne qui devra \u00eatre trait\u00e9e en urgence vitale.<br \/>Il est rapport\u00e9 une diminution du volume et du risque de saignement apr\u00e8s embolisation.<br \/>L&#8217;embolisation s&rsquo;accompagne le plus souvent d&rsquo;un syndrome inflammatoire post embolisation qui pourra \u00eatre pris en charge par corticoides.<\/p>\r\n\r\n\r\n\r\n<h2 class=\"wp-block-heading\">\u00a0<\/h2>\r\n\r\n\r\n\r\n<h2 class=\"wp-block-heading\">Quels sont les risques de l\u2019embolisation ?<\/h2>\r\n\r\n\r\n\r\n<p class=\"has-text-align-justify\">Depuis maintenant plus de 20 ans, de nombreuses \u00e9tudes se sont pench\u00e9es sur la question. L\u2019embolisation a \u00e9t\u00e9 prouv\u00e9e comme sure, avec peu de complication.Toutefois, comme toute intervention, il existe des risques li\u00e9s \u00e0 la proc\u00e9dure.<br \/>Ceux-ci vous seront au mieux expliqu\u00e9s par votre radiologue interventionnel lors de votre consultation. .<\/p>\r\n\r\n\r\n\r\n<p>&nbsp;<\/p>\r\n\r\n\r\n\r\n<h2 class=\"wp-block-heading\">Puis-je b\u00e9n\u00e9ficier d\u2019une embolisation de mon angiomyolipome ?<\/h2>\r\n\r\n\r\n\r\n<p class=\"has-text-align-justify\">Afin de pouvoir savoir si vous pouvez b\u00e9n\u00e9ficier d\u2019une embolisation de la prostate, il vous faudra consulter un radiologue interventionnel avec un bilan complet comprenant un scanner et\/ou une IRM.<\/p>\r\n\r\n\r\n\r\n<h2 class=\"wp-block-heading\">Comment se d\u00e9roule une embolisation ?<\/h2>\r\n\r\n\r\n\r\n<p class=\"has-text-align-justify\">L\u2019intervention peut se pratiquer en ambulatoire ou bien lors d\u2019une courte hospitalisation selon les patients.<br \/>L\u2019intervention se r\u00e9alise sous anesth\u00e9sie locale ou , si n\u00e9cessaire avec s\u00e9dation.<br \/>La dur\u00e9e moyenne d\u2019une intervention se situe entre 1h et 2h.<br \/>Apr\u00e8s avoir r\u00e9alis\u00e9 un acc\u00e8s art\u00e9riel (f\u00e9moral au creux de l\u2019aine, ou radial au poignet), le radiologue ins\u00e8re un cath\u00e9ter pour naviguer dans les art\u00e8res du corps et se rendre dans les art\u00e8res vascularisant l&rsquo;angiomyolipome. Cette navigation se r\u00e9alise sous guidage de l\u2019imagerie (rayons X). Une fois en place, il injecte des particules pour boucher les art\u00e8res.<br \/>Une fois l\u2019embolisation termin\u00e9e, le mat\u00e9riel est r\u00e9tir\u00e9 et le point d\u2019acc\u00e8s \u00e0 l\u2019art\u00e8re est ferm\u00e9, soit par un dispositif pr\u00e9vu \u00e0 cet effet, soit par une compression.<\/p>\r\n\r\n\r\n\r\n<h2 class=\"wp-block-heading\">Quelles sont les suites op\u00e9ratoires\u00a0?<\/h2>\r\n\r\n\r\n\r\n<p class=\"has-text-align-justify\">Il est pr\u00e9f\u00e9rable de ne par r\u00e9aliser d\u2019activit\u00e9 sportive dans les 10 jour suivant l\u2019intervention afin de laisser le temps \u00e0 l\u2019art\u00e8re de cicatriser pleinement.<br \/>L&rsquo;angiomyolipome \u00e9tant embolis\u00e9, il va envoyer des signaux d\u2019alerte au corps, ce qui peut \u00eatre \u00e0 l\u2019origine d\u2019une l\u00e9g\u00e8re fi\u00e8vre (&lt;39\u00b0C), des douleurs lombaires et une sensation de fatigue peuvent appara\u00eetre dans les quelques jours suivant l\u2019intervention.<\/p>\r\n\r\n\r\n\r\n<p class=\"has-text-align-justify\"><br \/>Bien entendu en cas de probl\u00e8me ou d\u2019inqui\u00e9tude, n\u2019h\u00e9sitez pas \u00e0 contacter le m\u00e9decin qui vous aura pris en charge.<\/p>\r\n\r\n\r\n\r\n<p>&nbsp;<\/p>\r\n\r\n\r\n\r\n<h4 style=\"text-align: center;\"><a href=\"https:\/\/www.doctolib.fr\/radiologue\/paris\/charles-querub\"><strong>Prendre Rendez-vous<\/strong><\/a>\u00a0<\/h4>\r\n","protected":false},"excerpt":{"rendered":"<p>L&#8217;embolisation de l&rsquo;Angiomyolipome L\u2019angiomyolipome est une tumeur b\u00e9nigne contenant comme son nom l\u2019indique 3 composantes angio(vaisseaux) myo(cellules musculaire) lipome(cellules graisseuses). Il n&rsquo;existe pas de risque de d\u00e9g\u00e9n\u00e9rescence cancereuse. Le principal risque est li\u00e9 au risque de saignement en lien avec l\u2019importance de sa taille et de la taille de sa composante vasculaire. L&#8217;embolisation de l&rsquo;Angiomyolipome &hellip; <a href=\"https:\/\/radiointerventions.com\/index.php\/angiomyolipome\/\" class=\"more-link\">Lire la suite <span class=\"screen-reader-text\">Angiomyolipome<\/span><\/a><\/p>\n","protected":false},"author":1,"featured_media":0,"parent":0,"menu_order":0,"comment_status":"closed","ping_status":"closed","template":"","meta":{"footnotes":""},"aioseo_notices":[],"_links":{"self":[{"href":"https:\/\/radiointerventions.com\/index.php\/wp-json\/wp\/v2\/pages\/115"}],"collection":[{"href":"https:\/\/radiointerventions.com\/index.php\/wp-json\/wp\/v2\/pages"}],"about":[{"href":"https:\/\/radiointerventions.com\/index.php\/wp-json\/wp\/v2\/types\/page"}],"author":[{"embeddable":true,"href":"https:\/\/radiointerventions.com\/index.php\/wp-json\/wp\/v2\/users\/1"}],"replies":[{"embeddable":true,"href":"https:\/\/radiointerventions.com\/index.php\/wp-json\/wp\/v2\/comments?post=115"}],"version-history":[{"count":5,"href":"https:\/\/radiointerventions.com\/index.php\/wp-json\/wp\/v2\/pages\/115\/revisions"}],"predecessor-version":[{"id":1031,"href":"https:\/\/radiointerventions.com\/index.php\/wp-json\/wp\/v2\/pages\/115\/revisions\/1031"}],"wp:attachment":[{"href":"https:\/\/radiointerventions.com\/index.php\/wp-json\/wp\/v2\/media?parent=115"}],"curies":[{"name":"wp","href":"https:\/\/api.w.org\/{rel}","templated":true}]}}