{"id":127,"date":"2023-09-17T21:23:59","date_gmt":"2023-09-17T19:23:59","guid":{"rendered":"https:\/\/radiointerventions.fr\/?page_id=127"},"modified":"2025-09-11T10:04:27","modified_gmt":"2025-09-11T08:04:27","slug":"fibromes-uterins-ou-leiomyomes","status":"publish","type":"page","link":"https:\/\/radiointerventions.com\/index.php\/fibromes-uterins-ou-leiomyomes\/","title":{"rendered":"Fibromes ut\u00e9rins ou L\u00e9iomyomes"},"content":{"rendered":"\r\n<h1 class=\"wp-block-heading\">Fibromes ut\u00e9rins, traitement par embolisation des fibromes<\/h1>\r\n\r\n\r\n\r\n<p class=\"has-text-align-justify\">Les fibromes ut\u00e9rins sont des tumeurs b\u00e9nignes se d\u00e9veloppant dans l&rsquo;ut\u00e9rus.<br \/>Les fibromes ut\u00e9rins sont une affection courante qui touche environ 20 % des femmes.<br \/>Les causes des fibromes ut\u00e9rins ne sont pas claires, mais ce sont des tumeurs b\u00e9nignes sensibles aux hormones.<br \/>Ils disparaissent le plus souvent une fois la m\u00e9nopause atteinte.<\/p>\r\n\r\n\r\n\r\n<figure class=\"wp-block-image size-large\"><img fetchpriority=\"high\" decoding=\"async\" width=\"612\" height=\"612\" class=\"wp-image-573\" src=\"https:\/\/radiointerventions.com\/wp-content\/uploads\/2023\/10\/fibromes-uterins.jpg?w=612\" alt=\"\" srcset=\"https:\/\/radiointerventions.com\/wp-content\/uploads\/2023\/10\/fibromes-uterins.jpg 612w, https:\/\/radiointerventions.com\/wp-content\/uploads\/2023\/10\/fibromes-uterins-300x300.jpg 300w, https:\/\/radiointerventions.com\/wp-content\/uploads\/2023\/10\/fibromes-uterins-150x150.jpg 150w\" sizes=\"(max-width: 612px) 100vw, 612px\" \/><\/figure>\r\n\r\n\r\n\r\n<p class=\"has-text-align-justify\"><br \/>Les fibromes ut\u00e9rins ne sont pas forc\u00e9ment accompagn\u00e9s de sympt\u00f4mes. Lorsqu&rsquo;ils sont sympt\u00f4matiques les sympt\u00f4mes les plus fr\u00e9quents sont:<br \/>&#8211; des saignements menstruels abondants<br \/>&#8211; des douleurs pelviennes<br \/>&#8211; des sensations de pression dans la vessie ou le rectum<br \/>&#8211; des mictions fr\u00e9quentes<br \/>&#8211; des rapports sexuels douloureux<\/p>\r\n\r\n\r\n\r\n<p class=\"has-text-align-justify\"><br \/>Le diagnostic est g\u00e9n\u00e9ralement pos\u00e9 \u00e0 l&rsquo;aide d&rsquo;un examen pelvien et d&rsquo;une \u00e9chographie ou d&rsquo;une IRM pelvienne.<br \/>Le traitement des fibromes ut\u00e9rins d\u00e9pend de la taille et de la localisation des fibromes, de la gravit\u00e9 des sympt\u00f4mes, de l&rsquo;\u00e2ge de la femme et de son d\u00e9sir de grossesse.<br \/>Les traitements conservateurs, tels que la pilule contraceptive, peuvent \u00eatre efficace. En cas de persistance des sympt\u00f4mes un traitement chirurgical peut \u00eatre discut\u00e9 et vous sera mieux pr\u00e9sent\u00e9 en consultation par un chirurgien sp\u00e9cialis\u00e9. <br \/><br \/>Les fibromes ut\u00e9rins peuvent \u00eatre \u00e0 l&rsquo;origine d&rsquo;une infertilit\u00e9, d&rsquo;une an\u00e9mie, de fausses couches et d&rsquo;accouchement pr\u00e9matur\u00e9.<\/p>\r\n\r\n\r\n\r\n<p class=\"has-text-align-justify\"><br \/>Depuis de nombreuses ann\u00e9es, un traitement par embolisation des art\u00e8res ut\u00e9rines vascularisant les fibromes peut \u00eatre propos\u00e9 en alternative \u00e0 la chirurgie.<br \/>Les fibromes d\u00e9vascularis\u00e9s vont diminuer de taille progressivement, permettant une am\u00e9lioration des sympt\u00f4mes.<\/p>\r\n\r\n\r\n\r\n<p class=\"has-text-align-justify\">Il existe une association de patiente tr\u00e8s bien d\u00e9velopp\u00e9e et pouvant aider \u00e0 r\u00e9fl\u00e9chir au mieux \u00e0 sa prise en charge : <br \/><a href=\"https:\/\/fibrome-info-france.org\/fibrome-uterin\/types-de-fibrome-symptomes\/\">https:\/\/fibrome-info-france.org\/fibrome-uterin\/types-de-fibrome-symptomes\/<\/a><\/p>\r\n\r\n\r\n\r\n<p><a href=\"https:\/\/fibrome-info-france.org\/traitements\/traitements-non-chirurgicaux\/\">https:\/\/fibrome-info-france.org\/traitements\/traitements-non-chirurgicaux\/<\/a><\/p>\r\n\r\n\r\n\r\n<p><strong>Le traitement m\u00e9dical :<\/strong><\/p>\r\n\r\n\r\n\r\n<p class=\"has-text-align-justify\"><br \/>Au mieux conseill\u00e9 par votre gyn\u00e9cologue, il contient le plus souvent des hormones d\u00e9riv\u00e9es de la progest\u00e9rone (progestatifs) et des m\u00e9dicaments destin\u00e9s \u00e0 arr\u00eater les saignements (h\u00e9mostatiques), mais \u00e9galement des antalgiques (notamment anti-inflammatoires).<\/p>\r\n\r\n\r\n\r\n<p class=\"has-text-align-justify\"><strong>Le traitement chirurgical<\/strong>\u00a0consiste \u00e0 enlever le fibrome (myomectomie) ou \u00e0 enlever l\u2019ut\u00e9rus (hyst\u00e9rectomie) si la femme ne veut plus d\u2019enfants ou s\u2019il n\u2019y a pas d\u2019autre solution.<\/p>\r\n\r\n\r\n\r\n<h1 class=\"wp-block-heading\">L&#8217;embolisation des fibromes ut\u00e9rins, traitement mini-invasif de Radiologie Interventionnelle des fibromes ut\u00e9rins par embolisation ut\u00e9rine<\/h1>\r\n\r\n\r\n\r\n<p class=\"has-text-align-justify\">L\u2019embolisation des fibromes ut\u00e9rins est un traitement mini-invasif datant des ann\u00e9es 1980. En embolisant les art\u00e8res vascularisant les fibromes ut\u00e9rins, ces derniers se n\u00e9crosent, et les sympt\u00f4mes diminuent.<br \/>La n\u00e9crose obtenue est initialement accompagn\u00e9 d&rsquo;un message de douleur qui doit \u00eatre pris en charge de fa\u00e7on optimal. Ces douleurs sont transitoires et leur traitement peut comprendre la prise de morphine et d&rsquo;anti-inflammatoires.<\/p>\r\n\r\n\r\n\r\n<figure class=\"wp-block-image aligncenter size-large\"><img decoding=\"async\" class=\"wp-image-512\" src=\"https:\/\/radiointerventions.com\/wp-content\/uploads\/2023\/10\/ufepae-final-edited.png\" alt=\"\" \/>\r\n<figcaption class=\"wp-element-caption\">Illustration d&rsquo;une embolisation de fibrome ut\u00e9rin<\/figcaption>\r\n<\/figure>\r\n\r\n\r\n\r\n<h2 class=\"wp-block-heading\">Qu\u2019est-ce qu\u2019un fibrome ut\u00e9rin\u00a0?<\/h2>\r\n\r\n\r\n\r\n<p class=\"has-text-align-justify\">Les fibromes sont des tumeurs non-canc\u00e9reuses b\u00e9nignes de l&rsquo;ut\u00e9rus. Ils peuvent varier en taille et en nombre et ne sont pas forc\u00e9ment symptomatiques.<\/p>\r\n\r\n\r\n\r\n<h2 class=\"wp-block-heading\">Quels sont les sympt\u00f4mes les plus fr\u00e9quents\u00a0?<\/h2>\r\n\r\n\r\n\r\n<p>Les sympt\u00f4mes les plus fr\u00e9quemment ressentis sont:<\/p>\r\n\r\n\r\n\r\n<p class=\"has-text-align-justify\">&#8211; des saignements menstruels abondants<br \/>&#8211; des douleurs pelviennes<br \/>&#8211; des sensations de pression dans la vessie ou le rectum<br \/>&#8211; des mictions fr\u00e9quentes<br \/>&#8211; des rapports sexuels douloureux<\/p>\r\n\r\n\r\n\r\n<h2 class=\"wp-block-heading\">Qu&rsquo;est ce que l\u2019embolisation ut\u00e9rine pour fibrome ut\u00e9rin ?<\/h2>\r\n\r\n\r\n\r\n<p class=\"has-text-align-justify\">L\u2019embolisation consiste boucher les vaisseaux vascularisant les fibromes afin de les d\u00e9vasculariser pour qu&rsquo;ils diminuent de taille dans le but de diminuer les sympt\u00f4mes.<br \/>L&rsquo;intervention se r\u00e9alise sous anesth\u00e9sie locale ou s\u00e9dation, en ambulatoire ou lors d&rsquo;une courte hospitalisation. Apr\u00e8s ponction art\u00e9rielle au pli de l&rsquo;aine ou du poignet, un cath\u00e9ter est plac\u00e9 dans l&rsquo;art\u00e8re ut\u00e9rine puis les art\u00e8res vascularisant les fibromes sont embolis\u00e9es par des microparticules. Le traitement est bilat\u00e9ral car il existe une art\u00e8re ut\u00e9rine des 2 c\u00f4t\u00e9s. Une fois le traitement r\u00e9alis\u00e9, le mat\u00e9riel est retir\u00e9 et la ponction art\u00e9rielle referm\u00e9e par syst\u00e8me d\u00e9di\u00e9 ou par compression.<\/p>\r\n\r\n\r\n\r\n<p class=\"has-text-align-justify\">Le traitement est accompagn\u00e9 de l&rsquo;administration d&rsquo;un traitement antalgique fort contenant le plus souvent de la morphine en raison du message douloureux en lien avec la n\u00e9crose des fibromes.<\/p>\r\n\r\n\r\n\r\n<h2 class=\"wp-block-heading\">Quels sont les r\u00e9sultats de l\u2019embolisation du fibrome ut\u00e9rin\u00a0?<\/h2>\r\n\r\n\r\n\r\n<p class=\"has-text-align-justify\">Pour 90% des femmes, l\u2019embolisation permet une forte diminution sympt\u00f4mes.<br \/>Les \u00e9tudes comparant chirurgie et embolisation ont retrouv\u00e9 pour la plupart une efficacit\u00e9 similaire \u00e0 la chirurgie, et une plus grande s\u00e9curit\u00e9 de l&#8217;embolisation avec moins de complications.<br \/>Il existe un risque de r\u00e9cidive faible, ce qui est \u00e9galement le cas en cas de myomectomie chirurgicale.<\/p>\r\n\r\n\r\n\r\n<h2 class=\"wp-block-heading\">Quels sont les risques de l\u2019embolisation du fibrome ut\u00e9rin\u00a0?<\/h2>\r\n\r\n\r\n\r\n<p class=\"has-text-align-justify\">L\u2019embolisation ut\u00e9rine est maintenant pratiqu\u00e9e depuis de nombreuses ann\u00e9es, les risques sont faibles et vous seront au mieux pr\u00e9cis\u00e9 lors de la consultation avec le Radiologue Interventionnel.<br \/>A titre d&rsquo;exemple on peut citer:<br \/>&#8211; la complication au point de ponction art\u00e9riel (h\u00e9matome, thrombose).<br \/>&#8211; la surinfection avec la pr\u00e9sence de pertes malorodantes, de fi\u00e8vre, ce qui impose une consultation en urgence pour pouvoir d\u00e9buter une antibioth\u00e9rapie adapt\u00e9e.<br \/>&#8211; Le pourcentage de complications est plus faible que celui de la chirurgie (myomectomie, hyst\u00e9rectomie).<br \/>-Lorsqu&rsquo;un fibrome tenait par un pied fin, il peut se d\u00e9tacher et imposer une expulsion par les voies naturelles ou n\u00e9cessit\u00e9 une hyst\u00e9roscopie par le gyn\u00e9cologue<\/p>\r\n\r\n\r\n\r\n<p>&nbsp;<\/p>\r\n\r\n\r\n\r\n<h2 class=\"wp-block-heading\">Quelles sont les suites op\u00e9ratoires\u00a0?<\/h2>\r\n\r\n\r\n\r\n<p class=\"has-text-align-justify\">La convalescence peut n\u00e9cessiter un arr\u00eat de travail de plusieurs jours en fonction de la douleur percue. Une l\u00e9g\u00e8re fi\u00e8vre (&lt;39\u00b0C) et une sensation de fatigue peut appara\u00eetre dans les quelques jours suivant l\u2019intervention. Des saignements et des pertes marrons peuvent aussi survenir dans les mois qui suivent l\u2019embolisation. Lorsqu&rsquo;un fibrome tenait par un pied fin, il peut se d\u00e9tacher et imposer une expulsion par les voies naturelles ou n\u00e9cessit\u00e9 une hyst\u00e9roscopie par le gyn\u00e9cologue. En cas de fi\u00e8vre importante (&gt;38,5\u00b0C) associ\u00e9e \u00e0 des frissons ou des pertes inhabituelles, il faudra consulter votre radiologue interventionnel ou votre gyn\u00e9cologue afin de v\u00e9rifier qu\u2019il ne s\u2019agit pas d\u2019une infection.<\/p>\r\n\r\n\r\n\r\n<p class=\"has-text-align-justify\">Le suivi de l&#8217;embolisation est r\u00e9alis\u00e9 par IRM et lors d&rsquo;une consultation d\u00e9di\u00e9e \u00e0 3 et 6 mois.<br \/>Le reste de votre suivi gyn\u00e9cologique se fera avec votre gyn\u00e9cologue traitant.<\/p>\r\n\r\n\r\n\r\n<p>&nbsp;<\/p>\r\n\r\n\r\n\r\n<p><strong><em>R\u00e9f\u00e9rences Bibliographiques<\/em><\/strong><\/p>\r\n\r\n\r\n\r\n<p><a href=\"https:\/\/pubmed.ncbi.nlm.nih.gov\/32726530\/\">Etude FEMME <\/a><\/p>\r\n\r\n\r\n\r\n<p><a href=\"https:\/\/pubmed.ncbi.nlm.nih.gov\/34058169\/\">Etude de la fertilit\u00e9 apr\u00e8s embolisation<\/a><\/p>\r\n\r\n\r\n\r\n<p>&nbsp;<\/p>\r\n\r\n\r\n\r\n<p>&nbsp;<\/p>\r\n<p>&nbsp;<\/p>\r\n<h4 style=\"text-align: center;\"><a href=\"https:\/\/www.doctolib.fr\/radiologue\/paris\/charles-querub\"><strong>Prendre Rendez-vous<\/strong><\/a>\u00a0<\/h4>\r\n","protected":false},"excerpt":{"rendered":"<p>Fibromes ut\u00e9rins, traitement par embolisation des fibromes Les fibromes ut\u00e9rins sont des tumeurs b\u00e9nignes se d\u00e9veloppant dans l&rsquo;ut\u00e9rus.Les fibromes ut\u00e9rins sont une affection courante qui touche environ 20 % des femmes.Les causes des fibromes ut\u00e9rins ne sont pas claires, mais ce sont des tumeurs b\u00e9nignes sensibles aux hormones.Ils disparaissent le plus souvent une fois la &hellip; <a href=\"https:\/\/radiointerventions.com\/index.php\/fibromes-uterins-ou-leiomyomes\/\" class=\"more-link\">Lire la suite <span class=\"screen-reader-text\">Fibromes ut\u00e9rins ou L\u00e9iomyomes<\/span><\/a><\/p>\n","protected":false},"author":1,"featured_media":0,"parent":0,"menu_order":0,"comment_status":"closed","ping_status":"closed","template":"","meta":{"footnotes":""},"aioseo_notices":[],"_links":{"self":[{"href":"https:\/\/radiointerventions.com\/index.php\/wp-json\/wp\/v2\/pages\/127"}],"collection":[{"href":"https:\/\/radiointerventions.com\/index.php\/wp-json\/wp\/v2\/pages"}],"about":[{"href":"https:\/\/radiointerventions.com\/index.php\/wp-json\/wp\/v2\/types\/page"}],"author":[{"embeddable":true,"href":"https:\/\/radiointerventions.com\/index.php\/wp-json\/wp\/v2\/users\/1"}],"replies":[{"embeddable":true,"href":"https:\/\/radiointerventions.com\/index.php\/wp-json\/wp\/v2\/comments?post=127"}],"version-history":[{"count":8,"href":"https:\/\/radiointerventions.com\/index.php\/wp-json\/wp\/v2\/pages\/127\/revisions"}],"predecessor-version":[{"id":1034,"href":"https:\/\/radiointerventions.com\/index.php\/wp-json\/wp\/v2\/pages\/127\/revisions\/1034"}],"wp:attachment":[{"href":"https:\/\/radiointerventions.com\/index.php\/wp-json\/wp\/v2\/media?parent=127"}],"curies":[{"name":"wp","href":"https:\/\/api.w.org\/{rel}","templated":true}]}}