{"id":129,"date":"2023-09-17T21:24:02","date_gmt":"2023-09-17T19:24:02","guid":{"rendered":"https:\/\/radiointerventions.fr\/?page_id=129"},"modified":"2025-09-11T09:55:29","modified_gmt":"2025-09-11T07:55:29","slug":"adenomyose","status":"publish","type":"page","link":"https:\/\/radiointerventions.com\/index.php\/adenomyose\/","title":{"rendered":"Ad\u00e9nomyose"},"content":{"rendered":"\r\n<h1 class=\"wp-block-heading\">L&#8217;embolisation d&rsquo;ad\u00e9nomyose ut\u00e9rine<\/h1>\r\n\r\n\r\n\r\n<figure class=\"wp-block-image size-large\"><img fetchpriority=\"high\" decoding=\"async\" width=\"612\" height=\"423\" class=\"wp-image-591\" src=\"https:\/\/radiointerventions.com\/wp-content\/uploads\/2023\/10\/adenomyose.jpg?w=612\" alt=\"\" srcset=\"https:\/\/radiointerventions.com\/wp-content\/uploads\/2023\/10\/adenomyose.jpg 612w, https:\/\/radiointerventions.com\/wp-content\/uploads\/2023\/10\/adenomyose-300x207.jpg 300w\" sizes=\"(max-width: 612px) 100vw, 612px\" \/><\/figure>\r\n\r\n\r\n\r\n<p class=\"has-text-align-justify\">L&rsquo;ad\u00e9nomyose ut\u00e9rine est une affection dans laquelle le tissu qui tapisse normalement<br \/>l&rsquo;int\u00e9rieur de l&rsquo;ut\u00e9rus (endom\u00e8tre) se d\u00e9veloppe dans la paroi musculaire de l&rsquo;ut\u00e9rus<br \/>(myom\u00e8tre).<br \/>L&rsquo;ad\u00e9nomyose est une affection similaire \u00e0 l&rsquo;endom\u00e9triose, mais elle se situe \u00e0 l&rsquo;int\u00e9rieur de l&rsquo;ut\u00e9rus. Les causes de l&rsquo;ad\u00e9nomyose ne sont pas claires, mais on pense qu&rsquo;elles sont li\u00e9es \u00e0 des changements hormonaux.<\/p>\r\n\r\n\r\n\r\n<p class=\"has-text-align-justify\">L&rsquo;ad\u00e9nomyose est une maladie chronique qui peut avoir un impact significatif sur la<br \/>qualit\u00e9 de vie d&rsquo;une femme. Cependant, il existe des traitements efficaces qui peuvent aider \u00e0 g\u00e9rer les sympt\u00f4mes.<\/p>\r\n\r\n\r\n\r\n<p class=\"has-text-align-justify\">L&rsquo;ad\u00e9nomyose est une affection courante, qui touche jusqu&rsquo;\u00e0 20 % des femmes. Elle est plus fr\u00e9quente chez les femmes qui ont eu des enfants et chez les femmes de plus de 40 ans.<\/p>\r\n\r\n\r\n\r\n<p class=\"has-text-align-justify\"><br \/>Les sympt\u00f4mes peuvent inclure:<br \/>-Saignements menstruels abondants<br \/>-R\u00e8gles douloureuses<br \/>-Douleur pendant les rapports sexuels<br \/>-Pression dans le bassin<br \/>-Fatigue<br \/>-Infertilit\u00e9<\/p>\r\n\r\n\r\n\r\n<p class=\"has-text-align-justify\"><br \/>Le diagnostic est g\u00e9n\u00e9ralement pos\u00e9 \u00e0 l&rsquo;aide d&rsquo;un examen pelvien et d&rsquo;une \u00e9chographie ou d&rsquo;une IRM.<br \/>Le traitement de l&rsquo;ad\u00e9nomyose d\u00e9pend de la gravit\u00e9 des sympt\u00f4mes. Les traitements conservateurs, tels que les analg\u00e9siques et l&rsquo;hormonoth\u00e9rapie, peuvent \u00eatre efficaces pour traiter une ad\u00e9nomyose l\u00e9g\u00e8re. La chirurgie peut \u00eatre une option pour les femmes atteintes d&rsquo;ad\u00e9nomyose s\u00e9v\u00e8re ou qui ne r\u00e9pondent pas au traitement conservateur.<\/p>\r\n\r\n\r\n\r\n<h1 class=\"wp-block-heading\">L&#8217;embolisation d&rsquo;ad\u00e9nomyose comme traitement de l&rsquo;ad\u00e9nomyose (embolisation ut\u00e9rine)<\/h1>\r\n\r\n\r\n\r\n<p class=\"has-text-align-justify\">L\u2019embolisation des art\u00e8res ut\u00e9rines pour ad\u00e9nomyose est un traitement mini-invasif r\u00e9cent. En embolisant les art\u00e8res vascularisant les localisations d&rsquo;ad\u00e9nomyose, ces derni\u00e8res se n\u00e9crosent, et les sympt\u00f4mes diminuent.<br \/>La n\u00e9crose obtenue est initialement accompagn\u00e9e d&rsquo;un message de douleur qui doit \u00eatre pris en charge de facon optimal. Ces douleurs sont transitoires et leur traitement peut comprendre la prise de morphiniques et d&rsquo;anti-inflammatoires.<\/p>\r\n\r\n\r\n\r\n<h2 class=\"wp-block-heading\">Qu\u2019est-ce que l&rsquo;ad\u00e9nomyose \u00a0?<\/h2>\r\n\r\n\r\n\r\n<p class=\"has-text-align-justify\">L&rsquo;ad\u00e9nomyose est une affection dans laquelle le tissu qui tapisse normalement<br \/>l&rsquo;int\u00e9rieur de l&rsquo;ut\u00e9rus (endom\u00e8tre) se d\u00e9veloppe dans la paroi musculaire de l&rsquo;ut\u00e9rus<br \/>(myom\u00e8tre)..<\/p>\r\n\r\n\r\n\r\n<h2 class=\"wp-block-heading\">Quels sont les sympt\u00f4mes les plus fr\u00e9quents\u00a0?<\/h2>\r\n\r\n\r\n\r\n<p>Les sympt\u00f4mes les plus fr\u00e9quemment ressentis sont:<\/p>\r\n\r\n\r\n\r\n<p class=\"has-text-align-justify\">-Saignements menstruels abondants<br \/>-R\u00e8gles douloureuses<br \/>-Douleur pendant les rapports sexuels<br \/>-Pression dans le bassin<br \/>-Fatigue<br \/>-Infertilit\u00e9<\/p>\r\n\r\n\r\n\r\n<h2 class=\"wp-block-heading\">Qu&rsquo;est ce que l\u2019embolisation ut\u00e9rine ?<\/h2>\r\n\r\n\r\n\r\n<p class=\"has-text-align-justify\">L\u2019embolisation consiste \u00e0 boucher les vaisseaux vascularisant les localisations d&rsquo;ad\u00e9nomyose afin de les n\u00e9croser pour qu&rsquo;ils diminuent de taille dans le but de diminuer les sympt\u00f4mes.<br \/>L&rsquo;intervention se r\u00e9alise sous anesth\u00e9sie locale ou s\u00e9dation, en ambulatoire ou lors d&rsquo;une courte hospitalisation. Apr\u00e8s ponction art\u00e9rielle au pli de l&rsquo;aine ou du poignet, un cath\u00e9ter est plac\u00e9 dans l&rsquo;art\u00e8re ut\u00e9rine puis les art\u00e8res sont embolis\u00e9es par des microparticules. Le traitement est bilat\u00e9ral car il existe une art\u00e8re ut\u00e9rine des 2 c\u00f4t\u00e9s. Une fois le traitement r\u00e9alis\u00e9, le mat\u00e9riel est retir\u00e9 et la ponction art\u00e9rielle referm\u00e9e par syst\u00e8me d\u00e9di\u00e9 ou par compression.<\/p>\r\n\r\n\r\n\r\n<p class=\"has-text-align-justify\">Le traitement est accompagn\u00e9 de l&rsquo;administration d&rsquo;un traitement antalgiques fort contenant le plus suvent de la morphine en raison du message douloureux en lien avec la n\u00e9crose des fibromes.<\/p>\r\n\r\n\r\n\r\n<h2 class=\"wp-block-heading\">Quels sont les r\u00e9sultats de l\u2019embolisation pour ad\u00e9nomyose ?<\/h2>\r\n\r\n\r\n\r\n<p class=\"has-text-align-justify\">Pour 80% des femmes, l\u2019embolisation permet une forte diminution sympt\u00f4mes.<\/p>\r\n\r\n\r\n\r\n<h2 class=\"wp-block-heading\">Quels sont les risques de l\u2019embolisation pour ad\u00e9nomyose ?<\/h2>\r\n\r\n\r\n\r\n\r\n\r\n<p class=\"has-text-align-justify\">L\u2019embolisation ut\u00e9rine est maintenant pratiqu\u00e9e depuis de nombreuses ann\u00e9es, les risques sont faibles et vous seront au mieux pr\u00e9cis\u00e9 lors de la consultation avec le Radiologue Interventionnel.<br \/>A titre d&rsquo;exemple on peut citer:<br \/>&#8211; la complication au point de ponction art\u00e9riel (h\u00e9matome, thrombose).<br \/>&#8211; la surinfection avec la pr\u00e9sence de pertes malorodantes, de fi\u00e8vre, ce qui impose une consultation en urgence pour pouvoir d\u00e9buter une antibioth\u00e9rapie adapt\u00e9e.<br \/>&#8211; le pourcentage de complications est bien plus faible que celui de la chirurgie.<\/p>\r\n\r\n\r\n\r\n<h2 class=\"wp-block-heading\">Quelles sont les suites op\u00e9ratoires\u00a0?<\/h2>\r\n\r\n\r\n\r\n<p class=\"has-text-align-justify\">La convalescence peut n\u00e9cessiter d\u2019un arr\u00eat de travail. Une l\u00e9g\u00e8re fi\u00e8vre (&lt;39\u00b0C) et une sensation de fatigue peut appara\u00eetre dans les quelques jours suivant l\u2019intervention. Des saignements et des pertes sales peuvent aussi survenir dans les mois qui suivent l\u2019embolisation. En cas de fi\u00e8vre importante (&gt;38,5\u00b0C) associ\u00e9e \u00e0 des frissons ou des pertes inhabituelles, il faudra consulter votre radiologue interventionnel ou votre gyn\u00e9cologue afin de v\u00e9rifier qu\u2019il ne s\u2019agit pas d\u2019une infection.<\/p>\r\n\r\n\r\n\r\n<p class=\"has-text-align-justify\">Le suivi de l&#8217;embolisation est r\u00e9alis\u00e9 par IRM et lors d&rsquo;une consultation d\u00e9di\u00e9e \u00e0 3 et 6 mois.<br \/>Le reste de votre suivi gyn\u00e9cologique se fera avec votre gyn\u00e9cologue traitant.<\/p>\r\n\r\n\r\n\r\n<p>&nbsp;<\/p>\r\n\r\n\r\n\r\n<p><strong><em>R\u00e9f\u00e9rences Bibliographiques:<\/em><\/strong><\/p>\r\n\r\n\r\n\r\n<p><a href=\"https:\/\/pubmed.ncbi.nlm.nih.gov\/29032946\/\">Revue de l&#8217;embolisation dans la prise en charge de l&rsquo;ad\u00e9nomyose<\/a><\/p>\r\n<p>&nbsp;<\/p>\r\n<p>&nbsp;<\/p>\r\n<h4 style=\"text-align: center;\"><a href=\"https:\/\/www.doctolib.fr\/radiologue\/paris\/charles-querub\"><span style=\"color: #0000ff;\"><strong>Prendre Rendez-vous<\/strong><\/span><\/a>\u00a0<\/h4>\r\n","protected":false},"excerpt":{"rendered":"<p>L&#8217;embolisation d&rsquo;ad\u00e9nomyose ut\u00e9rine L&rsquo;ad\u00e9nomyose ut\u00e9rine est une affection dans laquelle le tissu qui tapisse normalementl&rsquo;int\u00e9rieur de l&rsquo;ut\u00e9rus (endom\u00e8tre) se d\u00e9veloppe dans la paroi musculaire de l&rsquo;ut\u00e9rus(myom\u00e8tre).L&rsquo;ad\u00e9nomyose est une affection similaire \u00e0 l&rsquo;endom\u00e9triose, mais elle se situe \u00e0 l&rsquo;int\u00e9rieur de l&rsquo;ut\u00e9rus. Les causes de l&rsquo;ad\u00e9nomyose ne sont pas claires, mais on pense qu&rsquo;elles sont li\u00e9es \u00e0 &hellip; <a href=\"https:\/\/radiointerventions.com\/index.php\/adenomyose\/\" class=\"more-link\">Lire la suite <span class=\"screen-reader-text\">Ad\u00e9nomyose<\/span><\/a><\/p>\n","protected":false},"author":1,"featured_media":0,"parent":0,"menu_order":0,"comment_status":"closed","ping_status":"closed","template":"","meta":{"footnotes":""},"aioseo_notices":[],"_links":{"self":[{"href":"https:\/\/radiointerventions.com\/index.php\/wp-json\/wp\/v2\/pages\/129"}],"collection":[{"href":"https:\/\/radiointerventions.com\/index.php\/wp-json\/wp\/v2\/pages"}],"about":[{"href":"https:\/\/radiointerventions.com\/index.php\/wp-json\/wp\/v2\/types\/page"}],"author":[{"embeddable":true,"href":"https:\/\/radiointerventions.com\/index.php\/wp-json\/wp\/v2\/users\/1"}],"replies":[{"embeddable":true,"href":"https:\/\/radiointerventions.com\/index.php\/wp-json\/wp\/v2\/comments?post=129"}],"version-history":[{"count":7,"href":"https:\/\/radiointerventions.com\/index.php\/wp-json\/wp\/v2\/pages\/129\/revisions"}],"predecessor-version":[{"id":1030,"href":"https:\/\/radiointerventions.com\/index.php\/wp-json\/wp\/v2\/pages\/129\/revisions\/1030"}],"wp:attachment":[{"href":"https:\/\/radiointerventions.com\/index.php\/wp-json\/wp\/v2\/media?parent=129"}],"curies":[{"name":"wp","href":"https:\/\/api.w.org\/{rel}","templated":true}]}}