{"id":131,"date":"2023-09-17T21:23:52","date_gmt":"2023-09-17T19:23:52","guid":{"rendered":"https:\/\/radiointerventions.fr\/?page_id=131"},"modified":"2025-02-13T11:06:59","modified_gmt":"2025-02-13T10:06:59","slug":"varices-pelviennes","status":"publish","type":"page","link":"https:\/\/radiointerventions.com\/index.php\/varices-pelviennes\/","title":{"rendered":"Varices Pelviennes"},"content":{"rendered":"\r\n<h1 class=\"wp-block-heading\">varices pelviennes<\/h1>\r\n\r\n\r\n\r\n<p class=\"has-text-align-justify\">Chez certaines femmes, le plus souvent dans les suites de grossesses ou bien lorsque les veines sont comprim\u00e9es au niveau du pelvis ou du rein, les veines du pelvis peuvent moins bien circuler. Cette mauvaise circulation veineuse peut \u00eatre \u00e0 l\u2019origine de douleurs pelviennes, notamment en fin de journ\u00e9e, ou lors des rapports autrement appel\u00e9 Syndrome de Congestion Pelvien (SCP).<br \/>Le diagnostique est difficile car des varices pelviennes peuvent \u00e9galement \u00eatre pr\u00e9sentes chez des patientes ne pr\u00e9sentant pas de sympt\u00f4mes.<br \/>Apr\u00e8s avoir r\u00e9alis\u00e9 un bilan exhaustif pour \u00e9liminer d\u2019autre causes possibles aux sympt\u00f4mes de la patiente, il peut \u00eatre propos\u00e9 un traitement par embolisation.<\/p>\r\n\r\n\r\n\r\n<p class=\"has-text-align-justify\">Souvent d&rsquo;autre m\u00e9canismes de douleurs se sont \u00e9galement m\u00eal\u00e9s au varices, et dans la tr\u00e8s grande majorit\u00e9 des cas la prise en charge devra \u00eatre multidisciplinaire avec de la kin\u00e9sith\u00e9rapie, et un soutien par m\u00e9decin de la douleur , et psychoth\u00e9rapeute<\/p>\r\n\r\n\r\n\r\n<h1 class=\"wp-block-heading\">Traitement des varices pelviennes par embolisation<\/h1>\r\n\r\n\r\n\r\n<p>Les varices circulant anormalement peuvent \u00eatre embolis\u00e9es (bouch\u00e9es) pour diminuer les douleurs en lien avec le reflux de sang en leur sein, pouvant \u00eatre \u00e0 l&rsquo;origine de douleur inflammatoire<\/p>\r\n\r\n\r\n\r\n<h2 class=\"wp-block-heading\">Quels sont les sympt\u00f4mes les plus fr\u00e9quents\u00a0?<\/h2>\r\n\r\n\r\n\r\n<p>Les sympt\u00f4mes les plus fr\u00e9quemment d\u00e9crits sont\u00a0:<\/p>\r\n\r\n\r\n\r\n<p class=\"has-text-align-justify\">-des douleurs pelviennes notamment en fin de journ\u00e9e<br \/>-des douleurs lors des rapports<\/p>\r\n\r\n\r\n\r\n<h2 class=\"wp-block-heading\">Qui est le plus susceptible de souffrir de Syndrome de congestion pelvienne ?<\/h2>\r\n\r\n\r\n\r\n<p class=\"has-text-align-justify\">Les femmes ayant eu des accouchements par voie basse, ou bien ayant une compression de veines au niveau du pelvis ou du rein<\/p>\r\n\r\n\r\n\r\n<h2 class=\"wp-block-heading\">Qu\u2019est ce que l\u2019embolisation des varices pelviennes ?<\/h2>\r\n\r\n\r\n\r\n<p class=\"has-text-align-justify\">L\u2019embolisation des varices pelviennes consiste, \u00e0 boucher les veines anormalement d\u00e9velopp\u00e9e dans le pelvis, pour permettre une am\u00e9lioration des sympt\u00f4mes. Elle se r\u00e9alise sous anesth\u00e9sie locale ou parfois avec une s\u00e9dation, et peut \u00eatre trait\u00e9e en ambulatoire ou lors d\u2019une courte hospitalisation. L\u2019am\u00e9lioration des sympt\u00f4mes est progressive.<\/p>\r\n\r\n\r\n\r\n<h2 class=\"wp-block-heading\">Quels sont les r\u00e9sultats de l\u2019embolisation des varices pelviennes?<\/h2>\r\n\r\n\r\n\r\n<p class=\"has-text-align-justify\">Les donn\u00e9es de la litt\u00e9rature rapportent une am\u00e9lioration des sympt\u00f4mes chez 80 % des patients. Ce qui signifie qu\u2019il existe un risque de ne pas am\u00e9liorer les sympt\u00f4mes.<br \/>Il peut parfois \u00eatre n\u00e9cessaire de r\u00e9aliser plusieurs sessions de traitement.<\/p>\r\n\r\n\r\n\r\n<h2 class=\"wp-block-heading\">\u00a0<\/h2>\r\n\r\n\r\n\r\n<h2 class=\"wp-block-heading\">Quels sont les risques de de l\u2019embolisation des varices pelviennes ?<\/h2>\r\n\r\n\r\n\r\n<p class=\"has-text-align-justify\">L\u2019embolisation a \u00e9t\u00e9 prouv\u00e9e comme sure, avec peu de complication.Toutefois, comme toute intervention, il existe des risques li\u00e9s \u00e0 la proc\u00e9dure.<br \/>Ceux-ci vous seront au mieux expliqu\u00e9s par votre radiologue interventionnel lors de votre consultation.<br \/>A titre d\u2019information les principaux risques sont :<br \/>-la complication au point de ponction veineux (h\u00e9matome, occlusion\u2026)<br \/>-migration du produit d&#8217;embolisation dans les art\u00e8res pulmonaires<\/p>\r\n\r\n\r\n\r\n<p>&nbsp;<\/p>\r\n\r\n\r\n\r\n<h2 class=\"wp-block-heading\">Puis-je b\u00e9n\u00e9ficier d\u2019une embolisation de mes varices pelviennes?<\/h2>\r\n\r\n\r\n\r\n<p class=\"has-text-align-justify\">Afin de pouvoir savoir si vous pouvez b\u00e9n\u00e9ficier d\u2019une embolisation de varices pelviennes, il vous faudra consulter un radiologue interventionnel avec un bilan complet comprenant notamment une IRM pelvienne.<\/p>\r\n\r\n\r\n\r\n<h2 class=\"wp-block-heading\">Comment se d\u00e9roule une embolisation de varices pelviennes ?<\/h2>\r\n\r\n\r\n\r\n<p>&nbsp;<\/p>\r\n\r\n\r\n\r\n<p>&nbsp;<\/p>\r\n\r\n\r\n\r\n<p class=\"has-text-align-justify\">L\u2019intervention peut se pratiquer en ambulatoire ou bien lors d\u2019une courte hospitalisation selon les patients.<br \/>L\u2019intervention se r\u00e9alise sous anesth\u00e9sie locale ou , si n\u00e9cessaire avec s\u00e9dation.<br \/>La dur\u00e9e moyenne d\u2019une intervention se situe entre 1h et 2h.<br \/>Apr\u00e8s avoir r\u00e9alis\u00e9 un acc\u00e8s veineux (f\u00e9moral au creux de l\u2019aine, ou au bras ou au cou), le radiologue ins\u00e8re un cath\u00e9ter pour naviguer dans les veines du corps et se rendre dans les veines anormalement d\u00e9velopp\u00e9es dans le pelvis. Cette navigation se r\u00e9alise sous guidage de l\u2019imagerie (rayons X). Une fois en place, il injecte de la colle biologique et peut utiliser des coils (fil metallique) pour boucher les veines anormalement dilat\u00e9es. Parfois une veine comprim\u00e9e pourra \u00eatre r\u00e9ouverte par la mise en place d&rsquo;un stent.<br \/>Une fois le traitement termin\u00e9e, le mat\u00e9riel est r\u00e9tir\u00e9 et le point d\u2019acc\u00e8s est ferm\u00e9, par une compression.<\/p>\r\n\r\n\r\n\r\n<h2 class=\"wp-block-heading\">Quelles sont les suites op\u00e9ratoires\u00a0?<\/h2>\r\n\r\n\r\n\r\n<p class=\"has-text-align-justify\">Il est pr\u00e9f\u00e9rable de ne par r\u00e9aliser d\u2019activit\u00e9 sportive dans les 10 jour suivant l\u2019intervention afin de laisser le temps \u00e0 la veine de cicatriser pleinement.<br \/>Les veines embolis\u00e9es peuvent \u00eatre \u00e0 l&rsquo;origine de signaux d\u2019alerte au corps, ce qui peut \u00eatre \u00e0 l\u2019origine d\u2019une l\u00e9g\u00e8re fi\u00e8vre (&lt;39\u00b0C), des douleurs pelviennes et une sensation de fatigue peuvent appara\u00eetre dans les quelques jours suivant l\u2019intervention.<\/p>\r\n\r\n\r\n\r\n<p class=\"has-text-align-justify\"><br \/>Bien entendu en cas de probl\u00e8me ou d\u2019inqui\u00e9tude, n\u2019h\u00e9sitez pas \u00e0 contacter le m\u00e9decin qui vous aura pris en charge.<\/p>\r\n\r\n\r\n\r\n<p>&nbsp;<\/p>\r\n\r\n\r\n\r\n<p><strong><em>R\u00e9f\u00e9rences Bibliographiques<\/em><\/strong><\/p>\r\n\r\n\r\n\r\n<p><a href=\"https:\/\/pubmed.ncbi.nlm.nih.gov\/34108811\/\">Varices pelviennes<\/a><\/p>\r\n\r\n\r\n\r\n<p>&nbsp;<\/p>\r\n<p>&nbsp;<\/p>\r\n<p>&nbsp;<\/p>\r\n<h4 style=\"text-align: center;\"><a href=\"https:\/\/www.doctolib.fr\/radiologue\/paris\/charles-querub\"><strong>Prendre Rendez-vous<\/strong><\/a>\u00a0<\/h4>\r\n","protected":false},"excerpt":{"rendered":"<p>varices pelviennes Chez certaines femmes, le plus souvent dans les suites de grossesses ou bien lorsque les veines sont comprim\u00e9es au niveau du pelvis ou du rein, les veines du pelvis peuvent moins bien circuler. Cette mauvaise circulation veineuse peut \u00eatre \u00e0 l\u2019origine de douleurs pelviennes, notamment en fin de journ\u00e9e, ou lors des rapports &hellip; <a href=\"https:\/\/radiointerventions.com\/index.php\/varices-pelviennes\/\" class=\"more-link\">Lire la suite <span class=\"screen-reader-text\">Varices Pelviennes<\/span><\/a><\/p>\n","protected":false},"author":1,"featured_media":0,"parent":0,"menu_order":0,"comment_status":"closed","ping_status":"closed","template":"","meta":{"footnotes":""},"aioseo_notices":[],"_links":{"self":[{"href":"https:\/\/radiointerventions.com\/index.php\/wp-json\/wp\/v2\/pages\/131"}],"collection":[{"href":"https:\/\/radiointerventions.com\/index.php\/wp-json\/wp\/v2\/pages"}],"about":[{"href":"https:\/\/radiointerventions.com\/index.php\/wp-json\/wp\/v2\/types\/page"}],"author":[{"embeddable":true,"href":"https:\/\/radiointerventions.com\/index.php\/wp-json\/wp\/v2\/users\/1"}],"replies":[{"embeddable":true,"href":"https:\/\/radiointerventions.com\/index.php\/wp-json\/wp\/v2\/comments?post=131"}],"version-history":[{"count":4,"href":"https:\/\/radiointerventions.com\/index.php\/wp-json\/wp\/v2\/pages\/131\/revisions"}],"predecessor-version":[{"id":1023,"href":"https:\/\/radiointerventions.com\/index.php\/wp-json\/wp\/v2\/pages\/131\/revisions\/1023"}],"wp:attachment":[{"href":"https:\/\/radiointerventions.com\/index.php\/wp-json\/wp\/v2\/media?parent=131"}],"curies":[{"name":"wp","href":"https:\/\/api.w.org\/{rel}","templated":true}]}}