{"id":133,"date":"2023-09-17T21:23:50","date_gmt":"2023-09-17T19:23:50","guid":{"rendered":"https:\/\/radiointerventions.fr\/?page_id=133"},"modified":"2025-08-31T10:14:47","modified_gmt":"2025-08-31T08:14:47","slug":"hemorroides-hemorragiques","status":"publish","type":"page","link":"https:\/\/radiointerventions.com\/index.php\/hemorroides-hemorragiques\/","title":{"rendered":"H\u00e9morro\u00efdes (h\u00e9morragiques)"},"content":{"rendered":"\r\n<h1 class=\"wp-block-heading\">H\u00e9morro\u00efdes<\/h1>\r\n\r\n\r\n\r\n<figure class=\"wp-block-image aligncenter size-large\"><img fetchpriority=\"high\" decoding=\"async\" width=\"612\" height=\"612\" class=\"wp-image-564\" src=\"https:\/\/radiointerventions.com\/wp-content\/uploads\/2023\/10\/hemorroides.jpg?w=612\" alt=\"\" srcset=\"https:\/\/radiointerventions.com\/wp-content\/uploads\/2023\/10\/hemorroides.jpg 612w, https:\/\/radiointerventions.com\/wp-content\/uploads\/2023\/10\/hemorroides-300x300.jpg 300w, https:\/\/radiointerventions.com\/wp-content\/uploads\/2023\/10\/hemorroides-150x150.jpg 150w\" sizes=\"(max-width: 612px) 100vw, 612px\" \/>\r\n<figcaption class=\"wp-element-caption\">Hemorro\u00efdes : grade anatomique<\/figcaption>\r\n<\/figure>\r\n\r\n\r\n\r\n<p class=\"has-text-align-justify\">Les h\u00e9morro\u00efdes sont des veines gonfl\u00e9es dans le canal anal. Tous les humains ont des h\u00e9morroides, elles servent notamment \u00e0 la continence rectale. Situ\u00e9es \u00e0 l\u2019ext\u00e9rieur mais \u00e9galement \u00e0 l\u2019int\u00e9rieur du rectum (\u00ab plexus h\u00e9morro\u00efdaires \u00bb interne et externe). Ces petits lacs sanguins reli\u00e9s \u00e0 de fines art\u00e8res et veines sont constitu\u00e9s en forme de grappes de raisins.\u00a0 C&rsquo;est lorsqu&rsquo;elles se compliquent qu&rsquo;elles deviennent symptomatiques.<br \/>Les h\u00e9morro\u00efdes symptomatiques sont une affection courante qui touche environ 50 % des personnes \u00e0 un moment ou \u00e0 un autre de leur vie. Elles sont caus\u00e9es par un certain nombre de facteurs, notamment:<br \/>-une augmentation de la pression dans le canal anal<br \/>-la constipation<br \/>-la diarrh\u00e9e<br \/>-Le soul\u00e8vement d&rsquo;objets lourds<br \/>-la grossesse<br \/>-l&rsquo;ob\u00e9sit\u00e9<br \/>-On accuse souvent les aliments comme l\u2019alcool et les plats \u00e9pic\u00e9s et m\u00eame le stress ou les menstruations. Aucune \u00e9tude scientifique fiable n\u2019a pourtant d\u00e9montr\u00e9 leur r\u00f4le.<\/p>\r\n\r\n\r\n\r\n<p class=\"has-text-align-justify\">Les sympt\u00f4mes les plus fr\u00e9quents sont :<br \/>&#8211; des douleurs<br \/>&#8211; des saignements<br \/>&#8211; un gonflement<br \/>&#8211; d\u00e9mangeaisons<br \/>&#8211; des \u00e9coulements<br \/>&#8211; un prolapsus (sortie des h\u00e9morro\u00efdes par l&rsquo;anus)<br \/><br \/>Le diagnostic est g\u00e9n\u00e9ralement pos\u00e9 \u00e0 l&rsquo;aide d&rsquo;un examen physique r\u00e9alis\u00e9 par un proctologue ou un gastro-ent\u00e9rologue. En cas de saignement le principal enjeu est de ne pas m\u00e9connaitre un cancer digestif.<br \/><br \/>Le traitement des h\u00e9morro\u00efdes d\u00e9pend de la gravit\u00e9 des sympt\u00f4mes. Les traitements conservateurs, tels que les analg\u00e9siques en vente libre, les suppl\u00e9ments de fibres et les bains de si\u00e8ge, peuvent \u00eatre efficaces pour traiter les h\u00e9morro\u00efdes l\u00e9g\u00e8res. Le traitement instrumental endoscopique est le plus souvent r\u00e9alis\u00e9 par le proctologue ou le gastro-ent\u00e9rologue qui vous explicitera au mieux les diff\u00e9rentes alternatives lors d&rsquo;une consultation d\u00e9di\u00e9e. <br \/>La chirurgie peut \u00eatre une option pour les personnes souffrant d&rsquo;h\u00e9morro\u00efdes graves ou qui ne r\u00e9pondent pas au traitement conservateur ni au traitement endoscopique. Les modalit\u00e9s des traitements chirurgicaux vous seront au mieux expliqu\u00e9es en consultation avec un chirurgien sp\u00e9cialis\u00e9.<\/p>\r\n\r\n\r\n\r\n<p>&nbsp;<\/p>\r\n\r\n\r\n\r\n<p class=\"has-text-align-justify\">Lorsque l&rsquo;on souffre d&rsquo;h\u00e9morro\u00efdes symptomatiques, il est conseill\u00e9 les points suivants :<br \/>Adopter un r\u00e9gime alimentaire riche en fibres<br \/>Boire beaucoup de liquides<br \/>\u00c9viter la constipation<br \/>Ne pas forcer pour aller \u00e0 la selle<br \/>Perdre du poids en cas d&rsquo;ob\u00e9sit\u00e9<\/p>\r\n\r\n\r\n\r\n<p class=\"has-text-align-justify\">En cas de crise douloureuse, il est souvent ressenti une douleur anale, une sensation de pesanteur, une chaleur. Elles sont accentu\u00e9es par le passage des selles et durent en moyenne deux \u00e0 quatre jours avant de se r\u00e9sorber spontan\u00e9ment.<br \/>La thrombose h\u00e9morroidaire externe est elle \u00e0 l&rsquo;origine d&rsquo;une douleur brutale et l&rsquo;examen retrouvera une tum\u00e9faction bleut\u00e9e correspondant au caillot et sera eu mieux excis\u00e9.<br \/>Les saignements de sang rouge vif, sur le papier ou dans la cuvette peuvent \u00eatre dissoci\u00e9s des douleurs.<br \/>Derni\u00e8re possibilit\u00e9, les h\u00e9morro\u00efdes peuvent s\u2019ext\u00e9rioriser hors de l\u2019anus, de mani\u00e8re intermittente lors de la d\u00e9f\u00e9cation ou d\u2019un effort, mais aussi de mani\u00e8re permanente : c\u2019est un prolapsus<\/p>\r\n\r\n\r\n\r\n<h4 class=\"wp-block-heading\">Les traitements<\/h4>\r\n\r\n\r\n\r\n<p class=\"has-text-align-justify\">Les m\u00e9dicaments antalgiques ou anti-inflammatoires visent en premier lieu \u00e0 calmer la douleur.\u00a0 Des laxatifs peuvent \u00eatre prescrits pour diminuer la douleur au passage des selles, et traiter une constipation. <br \/>Enrichir l&rsquo;alimentation en fibres peut \u00e9galement aider en cas de constipation.<\/p>\r\n\r\n\r\n\r\n<p class=\"has-text-align-justify\">Les veinotoniques peuvent soulager l&rsquo;inflammation et l&rsquo;oed\u00e8me contribuant \u00e9galement au soulagement des pouss\u00e9es h\u00e9morro\u00efdaires.<\/p>\r\n\r\n\r\n\r\n<p class=\"has-text-align-justify\">Lorsque le patient reste symptomatique, et est sujet de facon r\u00e9guli\u00e8re \u00e0 ses pouss\u00e9es, un traitement instrumental peut \u00eatre propos\u00e9 et sera au mieux pr\u00e9cis\u00e9 par le proctologue ou le gastro-ent\u00e9rologue.<\/p>\r\n\r\n\r\n\r\n<p class=\"has-text-align-justify\">En cas de prolapsus important ou d&rsquo;\u00e9chec du traitement instrumental, un traitement chirurgical peut \u00eatre envisag\u00e9.<\/p>\r\n\r\n\r\n\r\n<p class=\"has-text-align-justify\">Les h\u00e9morroides sont pr\u00e9sentes chez tous les humains. Elles servent notamment \u00e0 la continence rectale. Parfois malheureusement elles se d\u00e9veloppent de facon trop importante et peuvent \u00eatre \u00e0 l\u2019origine de g\u00e8ne, saignements et prolapsus.<br \/>Les traitements les plus connus sont endoscopiques (laser, ligature,\u2026) ou encore chirurgical (hemorroidectomie).<\/p>\r\n\r\n\r\n\r\n<h1 class=\"wp-block-heading\">Le traitement des h\u00e9morro\u00efdes qui saignent par embolisation des h\u00e9morro\u00efdes<\/h1>\r\n\r\n\r\n\r\n<p class=\"has-text-align-justify\">Depuis maintenant plusieurs ann\u00e9es, l\u2019embolisation des art\u00e8res rectales a permi de montr\u00e9 un soulagement des sympt\u00f4mes , principalement sur les douleurs et les saignements.<\/p>\r\n\r\n\r\n\r\n<p>&nbsp;<\/p>\r\n\r\n\r\n\r\n<h2 class=\"wp-block-heading\">Qu\u2019est-ce que les h\u00e9morro\u00efdes ?<\/h2>\r\n\r\n\r\n\r\n<p class=\"has-text-align-justify\">Les h\u00e9morro\u00efdes sont des veines gonfl\u00e9es dans le canal anal. Tous les humains ont des h\u00e9morroides, elles servent notamment \u00e0 la continence rectale. Elles peuvent devenir symptomatiques et \u00eatre \u00e0 l&rsquo;origine de pouss\u00e9es h\u00e9morroidaires douloureuses, et\/ou de saignements.<\/p>\r\n\r\n\r\n\r\n<p class=\"has-text-align-justify\">Il existe deux types d\u2019h\u00e9morro\u00efdes:<\/p>\r\n\r\n\r\n\r\n<ul>\r\n<li>Les h\u00e9morro\u00efdes internes: dilatation des veines \u00e0 l\u2019int\u00e9rieur de l\u2019anus<\/li>\r\n\r\n\r\n\r\n<li>Les h\u00e9morro\u00efdes externes: dilatation des veines autour de l\u2019anus<\/li>\r\n<\/ul>\r\n\r\n\r\n\r\n<h2 class=\"wp-block-heading\">Quels sont les sympt\u00f4mes les plus fr\u00e9quents\u00a0?<\/h2>\r\n\r\n\r\n\r\n<p class=\"has-text-align-justify\">Les sympt\u00f4mes les plus fr\u00e9quemment d\u00e9crits sont:<\/p>\r\n\r\n\r\n\r\n<p class=\"has-text-align-justify\">&#8211; des douleurs<br \/>&#8211; des saignements<br \/>&#8211; un gonflement<br \/>&#8211; des d\u00e9mangeaisons<br \/>&#8211; des \u00e9coulements<br \/>&#8211; un prolapsus (sortie des h\u00e9morro\u00efdes par l&rsquo;anus)<\/p>\r\n\r\n\r\n\r\n<h2 class=\"wp-block-heading\">Qui est le plus susceptible d\u2019avoir des h\u00e9morro\u00efdes SYMPTOMATIQUES?<\/h2>\r\n\r\n\r\n\r\n<p class=\"has-text-align-justify\">Les h\u00e9morroides deviennent le plus souvent symptomatiques chez les patients pr\u00e9sentant les facteurs de risques suivants:<\/p>\r\n\r\n\r\n\r\n<p class=\"has-text-align-justify\">-une augmentation de la pression dans le canal anal<br \/>-la constipation<br \/>-la diarrh\u00e9e<br \/>-Le soul\u00e8vement d&rsquo;objets lourds<br \/>-la grossesse<br \/>-l&rsquo;ob\u00e9sit\u00e9<br \/>-la s\u00e9dentarit\u00e9<\/p>\r\n\r\n\r\n\r\n<h2 class=\"wp-block-heading\">Qu&rsquo;est ce que l\u2019embolisation des h\u00e9morro\u00efdes?<\/h2>\r\n\r\n\r\n\r\n<p class=\"has-text-align-justify\">L\u2019embolisation des h\u00e9morro\u00efdes correspond \u00e0 une embolisation des apports art\u00e9riels des h\u00e9morroides.<br \/>De facon simple, il s&rsquo;agit de fermer le robinet d&rsquo;arriv\u00e9e du sang.<br \/>Sous anesth\u00e9sie locale ou lors d&rsquo;une s\u00e9dation, une ponction art\u00e9rielle est r\u00e9alis\u00e9e au pli de l&rsquo;aine ou au poignet, puis un cath\u00e9ter est avanc\u00e9 dans les art\u00e8res rectales. Celles ci sont ensuite embolis\u00e9es (boucher) par diff\u00e9rents mat\u00e9riels, le plus souvent des particules ou des coils (ressort en m\u00e9tal recouvert de gel biologique).<br \/>Une fois le traitement r\u00e9alis\u00e9 le mat\u00e9riel est retir\u00e9 et le point de ponction ferm\u00e9 par dispositif d\u00e9di\u00e9 ou par compression.<\/p>\r\n\r\n\r\n\r\n<h2 class=\"wp-block-heading\">Quels sont les r\u00e9sultats de l\u2019embolisation des h\u00e9morro\u00efdes?<\/h2>\r\n\r\n\r\n\r\n<p class=\"has-text-align-justify\">L\u2019embolisation des h\u00e9morro\u00efdes est une technique encore en cours d\u2019\u00e9valuation qui montre des r\u00e9sultats encourageants avec une am\u00e9lioration des sympt\u00f4mes chez 75% des patients.<\/p>\r\n\r\n\r\n\r\n<h2 class=\"wp-block-heading\">Quels sont les risques de l\u2019embolisation des h\u00e9morro\u00efdes ?<\/h2>\r\n\r\n\r\n\r\n<p class=\"has-text-align-justify\">Plusieurs \u00e9tudes ont permis de d\u00e9montrer une grande s\u00e9curit\u00e9 du traitement.<br \/>N\u00e9anmoins comme pour toute proc\u00e9dure il existe des risques qui vous seront au mieux expos\u00e9s en consultation. A titre d&rsquo;exemple on peut cit\u00e9:<br \/>-la complication au point de ponction art\u00e9rielle (h\u00e9matome ou thrombose)<\/p>\r\n\r\n\r\n\r\n<h2 class=\"wp-block-heading\">Puis-je b\u00e9n\u00e9ficier d\u2019une embolisation des h\u00e9morro\u00efdes ?<\/h2>\r\n\r\n\r\n\r\n<p class=\"has-text-align-justify\">Il vous faudra discuter de votre cas avec un Radiologue Interventionnel. Il est pr\u00e9f\u00e9rable d&rsquo;avoir d\u00e9j\u00e0 b\u00e9n\u00e9fici\u00e9 d&rsquo;un traitement m\u00e9dical optimal et donc d&rsquo;avoir d\u00e9j\u00e0 consult\u00e9 un proctologue\/gastro-ent\u00e9rologue, notamment pour ne pas m\u00e9connaitre un cancer digestif qui pourrait \u00eatre \u00e0 l&rsquo;origine de saignement \u00e9galement.<\/p>\r\n\r\n\r\n\r\n<h2 class=\"wp-block-heading\">Quelles sont les suites op\u00e9ratoires de l\u2019embolisation des h\u00e9morro\u00efdes ?<\/h2>\r\n\r\n\r\n\r\n<p class=\"has-text-align-justify\">Cette intervention ne n\u00e9cessite pas d\u2019arr\u00eat de travail. Il est toutefois pr\u00e9f\u00e9rable d\u2019\u00e9viter le sport pendant 10 jours apr\u00e8s l&rsquo;intervention, principalement pour ne pas risquer de choc sur le point de ponction art\u00e9riel r\u00e9alis\u00e9.<br \/>Des faibles douleurs abdominales durant 24 \u00e0 72 sont parfois d\u00e9crites, et bien soulag\u00e9es par antalgiques.<\/p>\r\n\r\n\r\n\r\n<p>&nbsp;<\/p>\r\n\r\n\r\n\r\n<p><strong><em>R\u00e9f\u00e9rences Bibliographiques<\/em><\/strong><\/p>\r\n\r\n\r\n\r\n<p><a href=\"https:\/\/pubmed.ncbi.nlm.nih.gov\/34456172\/\">Embolisation art\u00e9rielle des H\u00e9morro\u00efdes<\/a><\/p>\r\n\r\n\r\n\r\n<p>&nbsp;<\/p>\r\n<p>&nbsp;<\/p>\r\n<p>&nbsp;<\/p>\r\n<h4 style=\"text-align: center;\"><a href=\"https:\/\/www.doctolib.fr\/radiologue\/paris\/charles-querub\"><strong>Prendre Rendez-vous<\/strong><\/a>\u00a0<\/h4>\r\n","protected":false},"excerpt":{"rendered":"<p>H\u00e9morro\u00efdes Les h\u00e9morro\u00efdes sont des veines gonfl\u00e9es dans le canal anal. Tous les humains ont des h\u00e9morroides, elles servent notamment \u00e0 la continence rectale. Situ\u00e9es \u00e0 l\u2019ext\u00e9rieur mais \u00e9galement \u00e0 l\u2019int\u00e9rieur du rectum (\u00ab plexus h\u00e9morro\u00efdaires \u00bb interne et externe). Ces petits lacs sanguins reli\u00e9s \u00e0 de fines art\u00e8res et veines sont constitu\u00e9s en forme &hellip; <a href=\"https:\/\/radiointerventions.com\/index.php\/hemorroides-hemorragiques\/\" class=\"more-link\">Lire la suite <span class=\"screen-reader-text\">H\u00e9morro\u00efdes (h\u00e9morragiques)<\/span><\/a><\/p>\n","protected":false},"author":1,"featured_media":0,"parent":0,"menu_order":0,"comment_status":"closed","ping_status":"closed","template":"","meta":{"footnotes":""},"aioseo_notices":[],"_links":{"self":[{"href":"https:\/\/radiointerventions.com\/index.php\/wp-json\/wp\/v2\/pages\/133"}],"collection":[{"href":"https:\/\/radiointerventions.com\/index.php\/wp-json\/wp\/v2\/pages"}],"about":[{"href":"https:\/\/radiointerventions.com\/index.php\/wp-json\/wp\/v2\/types\/page"}],"author":[{"embeddable":true,"href":"https:\/\/radiointerventions.com\/index.php\/wp-json\/wp\/v2\/users\/1"}],"replies":[{"embeddable":true,"href":"https:\/\/radiointerventions.com\/index.php\/wp-json\/wp\/v2\/comments?post=133"}],"version-history":[{"count":6,"href":"https:\/\/radiointerventions.com\/index.php\/wp-json\/wp\/v2\/pages\/133\/revisions"}],"predecessor-version":[{"id":1028,"href":"https:\/\/radiointerventions.com\/index.php\/wp-json\/wp\/v2\/pages\/133\/revisions\/1028"}],"wp:attachment":[{"href":"https:\/\/radiointerventions.com\/index.php\/wp-json\/wp\/v2\/media?parent=133"}],"curies":[{"name":"wp","href":"https:\/\/api.w.org\/{rel}","templated":true}]}}