{"id":138,"date":"2023-09-17T21:23:47","date_gmt":"2023-09-17T19:23:47","guid":{"rendered":"https:\/\/radiointerventions.fr\/?page_id=138"},"modified":"2023-12-24T18:51:29","modified_gmt":"2023-12-24T17:51:29","slug":"biopsies","status":"publish","type":"page","link":"https:\/\/radiointerventions.com\/index.php\/biopsies\/","title":{"rendered":"Biopsies"},"content":{"rendered":"\r\n<h2 class=\"wp-block-heading\">Biopsies<\/h2>\r\n\r\n\r\n\r\n<p class=\"has-text-align-justify\">Lorsqu\u2019une masse ou un nodule apparait, sa nature est parfois impossible \u00e0 d\u00e9terminer sur les imageries diagnostiques.<br \/>Pour pouvoir d\u00e9terminer sa composition (cancer ou non, si cancer, quel type de cancer), il faut obtenir un \u00e9chantillon de tissu. Il s\u2019agit de la biopsie.<br \/>Cette derni\u00e8re se r\u00e9alise sous guidage de l\u2019imagerie (\u00e9chographie ou scanner). Les pr\u00e9l\u00e8vements sont fait au moyen d\u2019une aiguille de 1-2mm de diam\u00e8tre, puis ils sont envoy\u00e9s pour analyse.<\/p>\r\n\r\n\r\n\r\n<figure class=\"wp-block-image aligncenter size-large\"><img fetchpriority=\"high\" decoding=\"async\" width=\"612\" height=\"408\" class=\"wp-image-598\" src=\"https:\/\/radiointerventions.com\/wp-content\/uploads\/2023\/10\/biopsie-foie-2-1.jpg?w=612\" alt=\"\" srcset=\"https:\/\/radiointerventions.com\/wp-content\/uploads\/2023\/10\/biopsie-foie-2-1.jpg 612w, https:\/\/radiointerventions.com\/wp-content\/uploads\/2023\/10\/biopsie-foie-2-1-300x200.jpg 300w\" sizes=\"(max-width: 612px) 100vw, 612px\" \/>\r\n<figcaption class=\"wp-element-caption\">Biopsie h\u00e9patique sous contr\u00f4le \u00e9chographique<\/figcaption>\r\n<\/figure>\r\n\r\n\r\n\r\n<p class=\"has-text-align-justify\">Le b\u00e9n\u00e9fice attendu est celui de pouvoir connaitre le contenu de la masse ou du ganglion cible.<br \/>Les risques sont li\u00e9s \u00e0 la localisation \u00e0 biopsier, et vous seront mieux pr\u00e9ciser selon votre cas. Les risques les plus fr\u00e9quents sont le saignement et l&rsquo;infection, parfois le pneumothorax selon la localisation biopsi\u00e9e.<\/p>\r\n\r\n\r\n\r\n<p>&nbsp;<\/p>\r\n\r\n\r\n\r\n<p>&nbsp;<\/p>\r\n\r\n\r\n\r\n<h4 style=\"text-align: center;\"><a href=\"https:\/\/www.doctolib.fr\/radiologue\/paris\/charles-querub\"><strong>Prendre Rendez-vous<\/strong><\/a>\u00a0<\/h4>\r\n\r\n\r\n\r\n<p>&nbsp;<\/p>\r\n","protected":false},"excerpt":{"rendered":"<p>Biopsies Lorsqu\u2019une masse ou un nodule apparait, sa nature est parfois impossible \u00e0 d\u00e9terminer sur les imageries diagnostiques.Pour pouvoir d\u00e9terminer sa composition (cancer ou non, si cancer, quel type de cancer), il faut obtenir un \u00e9chantillon de tissu. Il s\u2019agit de la biopsie.Cette derni\u00e8re se r\u00e9alise sous guidage de l\u2019imagerie (\u00e9chographie ou scanner). Les pr\u00e9l\u00e8vements &hellip; <a href=\"https:\/\/radiointerventions.com\/index.php\/biopsies\/\" class=\"more-link\">Lire la suite <span class=\"screen-reader-text\">Biopsies<\/span><\/a><\/p>\n","protected":false},"author":1,"featured_media":0,"parent":0,"menu_order":0,"comment_status":"closed","ping_status":"closed","template":"","meta":{"footnotes":""},"aioseo_notices":[],"_links":{"self":[{"href":"https:\/\/radiointerventions.com\/index.php\/wp-json\/wp\/v2\/pages\/138"}],"collection":[{"href":"https:\/\/radiointerventions.com\/index.php\/wp-json\/wp\/v2\/pages"}],"about":[{"href":"https:\/\/radiointerventions.com\/index.php\/wp-json\/wp\/v2\/types\/page"}],"author":[{"embeddable":true,"href":"https:\/\/radiointerventions.com\/index.php\/wp-json\/wp\/v2\/users\/1"}],"replies":[{"embeddable":true,"href":"https:\/\/radiointerventions.com\/index.php\/wp-json\/wp\/v2\/comments?post=138"}],"version-history":[{"count":2,"href":"https:\/\/radiointerventions.com\/index.php\/wp-json\/wp\/v2\/pages\/138\/revisions"}],"predecessor-version":[{"id":882,"href":"https:\/\/radiointerventions.com\/index.php\/wp-json\/wp\/v2\/pages\/138\/revisions\/882"}],"wp:attachment":[{"href":"https:\/\/radiointerventions.com\/index.php\/wp-json\/wp\/v2\/media?parent=138"}],"curies":[{"name":"wp","href":"https:\/\/api.w.org\/{rel}","templated":true}]}}