{"id":142,"date":"2023-09-17T21:23:42","date_gmt":"2023-09-17T19:23:42","guid":{"rendered":"https:\/\/radiointerventions.fr\/?page_id=142"},"modified":"2023-12-24T18:55:02","modified_gmt":"2023-12-24T17:55:02","slug":"destruction-tumorale-percutanee","status":"publish","type":"page","link":"https:\/\/radiointerventions.com\/index.php\/destruction-tumorale-percutanee\/","title":{"rendered":"Destruction tumorale percutan\u00e9e"},"content":{"rendered":"\r\n<h2 class=\"wp-block-heading\">Destruction tumorale percutan\u00e9e<\/h2>\r\n\r\n\r\n\r\n<p class=\"has-text-align-justify\">Les cancers ou m\u00e9tastases de petites tailles peuvent \u00eatre d\u00e9truits par une aiguille ins\u00e9r\u00e9e sous guidage de l\u2019imagerie. Soit par le chaud ou bien par cong\u00e9lation (cryoth\u00e9rapie).<br \/>La d\u00e9cision de ce genre de traitement d\u00e9pend du terrain\/ant\u00e9c\u00e9dents du patient, du type et du stade du cancer, et l\u2019ensemble des ces \u00e9l\u00e9ments sont discut\u00e9s en concertation pluridisciplinaire .<\/p>\r\n\r\n\r\n\r\n<p>&nbsp;<\/p>\r\n\r\n\r\n\r\n<p class=\"has-text-align-justify\">Le b\u00e9n\u00e9fice attendu est celui de d\u00e9truire la cible canc\u00e9reuse.<\/p>\r\n\r\n\r\n\r\n<p class=\"has-text-align-justify\"><br \/>Les risques sont li\u00e9s \u00e0 la localisation \u00e0 traiter, et vous seront mieux pr\u00e9ciser selon votre cas.<\/p>\r\n\r\n\r\n\r\n<p class=\"has-text-align-justify\">Les risques les plus fr\u00e9quents sont le saignement et l&rsquo;infection, parfois le pneumothorax. Lorsque l&rsquo;\u00e9tendue de la maladie est sous estim\u00e9e par l&rsquo;imagerie (scanner ou IRM), il existe \u00e9galement un risque de traitement incomplet de la maladie, pouvant n\u00e9cessiter une r\u00e9intervention.<\/p>\r\n\r\n\r\n\r\n<p>&nbsp;<\/p>\r\n\r\n\r\n\r\n<h4 style=\"text-align: center;\"><a href=\"https:\/\/www.doctolib.fr\/radiologue\/paris\/charles-querub\"><strong>Prendre Rendez-vous<\/strong><\/a>\u00a0<\/h4>\r\n","protected":false},"excerpt":{"rendered":"<p>Destruction tumorale percutan\u00e9e Les cancers ou m\u00e9tastases de petites tailles peuvent \u00eatre d\u00e9truits par une aiguille ins\u00e9r\u00e9e sous guidage de l\u2019imagerie. Soit par le chaud ou bien par cong\u00e9lation (cryoth\u00e9rapie).La d\u00e9cision de ce genre de traitement d\u00e9pend du terrain\/ant\u00e9c\u00e9dents du patient, du type et du stade du cancer, et l\u2019ensemble des ces \u00e9l\u00e9ments sont discut\u00e9s &hellip; <a href=\"https:\/\/radiointerventions.com\/index.php\/destruction-tumorale-percutanee\/\" class=\"more-link\">Lire la suite <span class=\"screen-reader-text\">Destruction tumorale percutan\u00e9e<\/span><\/a><\/p>\n","protected":false},"author":1,"featured_media":0,"parent":0,"menu_order":0,"comment_status":"closed","ping_status":"closed","template":"","meta":{"footnotes":""},"aioseo_notices":[],"_links":{"self":[{"href":"https:\/\/radiointerventions.com\/index.php\/wp-json\/wp\/v2\/pages\/142"}],"collection":[{"href":"https:\/\/radiointerventions.com\/index.php\/wp-json\/wp\/v2\/pages"}],"about":[{"href":"https:\/\/radiointerventions.com\/index.php\/wp-json\/wp\/v2\/types\/page"}],"author":[{"embeddable":true,"href":"https:\/\/radiointerventions.com\/index.php\/wp-json\/wp\/v2\/users\/1"}],"replies":[{"embeddable":true,"href":"https:\/\/radiointerventions.com\/index.php\/wp-json\/wp\/v2\/comments?post=142"}],"version-history":[{"count":2,"href":"https:\/\/radiointerventions.com\/index.php\/wp-json\/wp\/v2\/pages\/142\/revisions"}],"predecessor-version":[{"id":886,"href":"https:\/\/radiointerventions.com\/index.php\/wp-json\/wp\/v2\/pages\/142\/revisions\/886"}],"wp:attachment":[{"href":"https:\/\/radiointerventions.com\/index.php\/wp-json\/wp\/v2\/media?parent=142"}],"curies":[{"name":"wp","href":"https:\/\/api.w.org\/{rel}","templated":true}]}}