{"id":305,"date":"2023-10-16T18:02:03","date_gmt":"2023-10-16T16:02:03","guid":{"rendered":"https:\/\/radiointerventions.fr\/?page_id=305"},"modified":"2023-12-24T18:52:54","modified_gmt":"2023-12-24T17:52:54","slug":"capsulite-retractile","status":"publish","type":"page","link":"https:\/\/radiointerventions.com\/index.php\/capsulite-retractile\/","title":{"rendered":"Capsulite R\u00e9tractile"},"content":{"rendered":"\r\n<p>&nbsp;<\/p>\r\n\r\n\r\n\r\n<h1 class=\"wp-block-heading\">Capsulite r\u00e9tractile<\/h1>\r\n\r\n\r\n\r\n<p class=\"has-text-align-justify\">Inflammation puis fibrose de l\u2019articulation gl\u00e9no-hum\u00e9rale, principale articulation de l\u2019\u00e9paule, survenant le plus souvent chez patient diab\u00e9tique, ou suite \u00e0 un traumatisme, la capsulite d\u00e9bute par une phase dite chaude avec apparition de douleur d\u2019\u00e9paule sans limitation articulair e puis progressivement \u00e9volue vers une phase mixte associant douleur et limitation articulaire, puis une 3 \u00e8me phase dite froide et correspondant au d\u00e9veloppement de fibrose.<br \/><br \/>Traitement m\u00e9dical avec infiltration de corticoides intra-articulaire +\/- distension de l\u2019articulation, et kin\u00e9sith\u00e9rapie. Certaines \u00e9quipes proposent des mobilisations sous anesth\u00e9sie g\u00e9n\u00e9rale.<\/p>\r\n\r\n\r\n\r\n<h2 class=\"wp-block-heading\">Embolisation de Capsulite r\u00e9tractile<\/h2>\r\n\r\n\r\n\r\n<p class=\"has-text-align-justify\">Tr\u00e8s r\u00e9cemment une nouvelle approche propose l\u2019embolisation des art\u00e8res vascularisant l\u2019articulation avec pour r\u00e9sultats une diminution de la douleur puis secondairement un gain des mobilit\u00e9s articulaires progressif.<\/p>\r\n\r\n\r\n\r\n<p>&nbsp;<\/p>\r\n\r\n\r\n\r\n<h2 class=\"wp-block-heading\">Qu&rsquo;est ce que l\u2019embolisation \u00a0?<\/h2>\r\n\r\n\r\n\r\n<p class=\"has-text-align-justify\">L&#8217;embolisation est le principe de boucher les vaisseaux \u00e0 l&rsquo;origine de l&rsquo;inflammation. Elle est r\u00e9alis\u00e9e sous anesth\u00e9sie locale ou s\u00e9dation. Apr\u00e8s ponction art\u00e9rielle au pli de l&rsquo;aine ou bien au poignet, un cath\u00e9ter est ins\u00e9r\u00e9 et guid\u00e9 sous Rayons X jusqu&rsquo;aux art\u00e8res vascularisant les zones inflamm\u00e9es douloureuses. L&#8217;embolisation est ensuite r\u00e9alis\u00e9e, puis une fois le traitement r\u00e9alis\u00e9, le mat\u00e9riel est retir\u00e9 et le point de ponction art\u00e9riel est ferm\u00e9 par dispositif d\u00e9di\u00e9 ou compression manuelle.<\/p>\r\n\r\n\r\n\r\n<h2 class=\"wp-block-heading\">Quels sont les r\u00e9sultats de l\u2019embolisation pour CAPSULITE RETRACTILE ?<\/h2>\r\n\r\n\r\n\r\n<p class=\"has-text-align-justify\">L&#8217;embolisation est un traitement innovant des capsulites r\u00e9tractiles, et nous avons encore peu de recul. Les \u00e9tudes pour le moment publi\u00e9es rapportent une diminution de la douleur par 2, puis une augmentation progressive des amplitudes articulaires, et une grande s\u00e9curit\u00e9 du traitement.<\/p>\r\n\r\n\r\n\r\n<h2 class=\"wp-block-heading\">Quels sont les risques de l\u2019embolisation pour Capsulite r\u00e9tractile ?<\/h2>\r\n\r\n\r\n\r\n<p class=\"has-text-align-justify\">Les \u00e9tudes r\u00e9alis\u00e9es ont permis d&rsquo;affirmer la bonne s\u00e9curit\u00e9 du traitement. Les possibles complications vous seront au mieux expliqu\u00e9es en consultation par votre Radiologue Interventionnel.<br \/>On peut dors et d\u00e9j\u00e0 citer:<br \/>-la complication au point de ponction art\u00e9rielle (h\u00e9matome, thrombose)<br \/>-l&rsquo;apparition de rougeurs cutan\u00e9es gu\u00e9rissant spontan\u00e9ment sous 1 mois.<\/p>\r\n\r\n\r\n\r\n<h2 class=\"wp-block-heading\">Comment se d\u00e9roule une embolisation pour capsulite retractile?<\/h2>\r\n\r\n\r\n\r\n<p class=\"has-text-align-justify\">L&#8217;embolisation peut se d\u00e9rouler sous anesth\u00e9sie locale ou l\u00e9g\u00e8re s\u00e9dation. Apr\u00e8s ponction art\u00e9rielle au pli de l&rsquo;aine ou au poignet, un cath\u00e9ter est introduit dans l&rsquo;art\u00e8re et guid\u00e9 sous rayons X pour aller jusqu&rsquo;aux art\u00e8res vascularisant les zones inflamm\u00e9es. Une fois en place, l&#8217;embolisation est r\u00e9alis\u00e9e afin de diminuer les zones d&rsquo;hypervascularisation li\u00e9e \u00e0 l&rsquo;inflammation.<\/p>\r\n\r\n\r\n\r\n<p class=\"has-text-align-justify\">Une fois le traitement r\u00e9alis\u00e9, le mat\u00e9riel est retir\u00e9 et la ponction art\u00e9rielle est referm\u00e9e par syst\u00e8me d\u00e9di\u00e9 ou bien par compression manuelle.<br \/>Le patient doit ensuite rester allong\u00e9 au moins 3h.<\/p>\r\n\r\n\r\n\r\n<h2 class=\"wp-block-heading\">Quelles sont les suites op\u00e9ratoires\u00a0?<\/h2>\r\n\r\n\r\n\r\n<p class=\"has-text-align-justify\">Dans les suites de l&rsquo;intervention, l&rsquo;articulation peut gonfler pendant quelques jours, et d\u00e9gonflera de fa\u00e7on spontan\u00e9e.<br \/>Il est conseiller de ne pas pratiquer de sport pendant les 10 jours suivants l&rsquo;intervention afin de permettre une bonne cicatrisation du point de ponction art\u00e9riel.<br \/>Si vous rencontrez des difficult\u00e9s, n&rsquo;h\u00e9sitez pas \u00e0 contacter votre Radiologue Interventionnel.<\/p>\r\n\r\n\r\n\r\n<p>&nbsp;<\/p>\r\n\r\n\r\n\r\n<p><em><strong>R\u00e9f\u00e9rences Bibliographiques<\/strong><\/em><\/p>\r\n\r\n\r\n\r\n<p><a href=\"https:\/\/pubmed.ncbi.nlm.nih.gov\/35995121\/\">Embolisation de capsulite r\u00e9tractile<\/a><\/p>\r\n\r\n\r\n\r\n<p>&nbsp;<\/p>\r\n<p>&nbsp;<\/p>\r\n<h4 style=\"text-align: center;\"><a href=\"https:\/\/www.doctolib.fr\/radiologue\/paris\/charles-querub\"><strong>Prendre Rendez-vous<\/strong><\/a>\u00a0<\/h4>\r\n","protected":false},"excerpt":{"rendered":"<p>&nbsp; Capsulite r\u00e9tractile Inflammation puis fibrose de l\u2019articulation gl\u00e9no-hum\u00e9rale, principale articulation de l\u2019\u00e9paule, survenant le plus souvent chez patient diab\u00e9tique, ou suite \u00e0 un traumatisme, la capsulite d\u00e9bute par une phase dite chaude avec apparition de douleur d\u2019\u00e9paule sans limitation articulair e puis progressivement \u00e9volue vers une phase mixte associant douleur et limitation articulaire, puis &hellip; <a href=\"https:\/\/radiointerventions.com\/index.php\/capsulite-retractile\/\" class=\"more-link\">Lire la suite <span class=\"screen-reader-text\">Capsulite R\u00e9tractile<\/span><\/a><\/p>\n","protected":false},"author":1,"featured_media":0,"parent":0,"menu_order":0,"comment_status":"closed","ping_status":"closed","template":"","meta":{"footnotes":""},"aioseo_notices":[],"_links":{"self":[{"href":"https:\/\/radiointerventions.com\/index.php\/wp-json\/wp\/v2\/pages\/305"}],"collection":[{"href":"https:\/\/radiointerventions.com\/index.php\/wp-json\/wp\/v2\/pages"}],"about":[{"href":"https:\/\/radiointerventions.com\/index.php\/wp-json\/wp\/v2\/types\/page"}],"author":[{"embeddable":true,"href":"https:\/\/radiointerventions.com\/index.php\/wp-json\/wp\/v2\/users\/1"}],"replies":[{"embeddable":true,"href":"https:\/\/radiointerventions.com\/index.php\/wp-json\/wp\/v2\/comments?post=305"}],"version-history":[{"count":2,"href":"https:\/\/radiointerventions.com\/index.php\/wp-json\/wp\/v2\/pages\/305\/revisions"}],"predecessor-version":[{"id":884,"href":"https:\/\/radiointerventions.com\/index.php\/wp-json\/wp\/v2\/pages\/305\/revisions\/884"}],"wp:attachment":[{"href":"https:\/\/radiointerventions.com\/index.php\/wp-json\/wp\/v2\/media?parent=305"}],"curies":[{"name":"wp","href":"https:\/\/api.w.org\/{rel}","templated":true}]}}