{"id":31,"date":"2022-10-16T19:37:38","date_gmt":"2022-10-16T17:37:38","guid":{"rendered":"https:\/\/radiointerventions.wordpress.com\/?page_id=31"},"modified":"2023-11-24T15:57:29","modified_gmt":"2023-11-24T14:57:29","slug":"digestif","status":"publish","type":"page","link":"https:\/\/radiointerventions.com\/index.php\/digestif\/","title":{"rendered":"Digestif"},"content":{"rendered":"\r\n<h2 class=\"wp-block-heading\"><a href=\"https:\/\/radiointerventions.com\/index.php\/hemorroides-hemorragiques\/\">Embolisation h\u00e9morro\u00efdes h\u00e9morragiques<\/a><\/h2>\r\n\r\n\r\n\r\n<p>&nbsp;<\/p>\r\n","protected":false},"excerpt":{"rendered":"<p>Embolisation h\u00e9morro\u00efdes h\u00e9morragiques &nbsp;<\/p>\n","protected":false},"author":1,"featured_media":0,"parent":0,"menu_order":0,"comment_status":"closed","ping_status":"closed","template":"","meta":{"footnotes":""},"aioseo_notices":[],"_links":{"self":[{"href":"https:\/\/radiointerventions.com\/index.php\/wp-json\/wp\/v2\/pages\/31"}],"collection":[{"href":"https:\/\/radiointerventions.com\/index.php\/wp-json\/wp\/v2\/pages"}],"about":[{"href":"https:\/\/radiointerventions.com\/index.php\/wp-json\/wp\/v2\/types\/page"}],"author":[{"embeddable":true,"href":"https:\/\/radiointerventions.com\/index.php\/wp-json\/wp\/v2\/users\/1"}],"replies":[{"embeddable":true,"href":"https:\/\/radiointerventions.com\/index.php\/wp-json\/wp\/v2\/comments?post=31"}],"version-history":[{"count":1,"href":"https:\/\/radiointerventions.com\/index.php\/wp-json\/wp\/v2\/pages\/31\/revisions"}],"predecessor-version":[{"id":862,"href":"https:\/\/radiointerventions.com\/index.php\/wp-json\/wp\/v2\/pages\/31\/revisions\/862"}],"wp:attachment":[{"href":"https:\/\/radiointerventions.com\/index.php\/wp-json\/wp\/v2\/media?parent=31"}],"curies":[{"name":"wp","href":"https:\/\/api.w.org\/{rel}","templated":true}]}}