{"id":84,"date":"2023-03-20T18:47:24","date_gmt":"2023-03-20T17:47:24","guid":{"rendered":"https:\/\/radiointerventions.fr\/?page_id=84"},"modified":"2023-03-20T18:47:24","modified_gmt":"2023-03-20T17:47:24","slug":"faq","status":"publish","type":"page","link":"https:\/\/radiointerventions.com\/index.php\/faq\/","title":{"rendered":"FAQ"},"content":{"rendered":"\n<div class=\"wp-block-group alignwide is-layout-flow wp-block-group-is-layout-flow\" style=\"padding-top:0px;padding-right:var(--wp--preset--spacing--60);padding-bottom:80px;padding-left:var(--wp--preset--spacing--60)\"><div class=\"wp-block-group__inner-container\">\n<h2 class=\"wp-block-heading has-text-align-left\" style=\"margin-top:80px;margin-bottom:80px\">Foire aux questions<\/h2>\n\n\n\n<h3 class=\"wp-block-heading\">Qu&rsquo;est ce que l&#8217;embolisation ?<\/h3>\n\n\n\n<p>Il s&rsquo;agit d&rsquo;une intervention dont le principe est de boucher un vaisseau art\u00e9riel ou veineux. L&rsquo;objectif \u00e9tant de diminuer l&rsquo;apport sanguin \u00e0 la zone malade.<br>Elle se d\u00e9roule lors d&rsquo;une anesth\u00e9sie locale le plus souvent, parfois sous s\u00e9dation et impose dans les suites une surveillance pour v\u00e9rifier la bonne cicatrisation du point de ponction vasculaire (1h pour les veine, 3h pour les art\u00e8res).<\/p>\n\n\n\n<h3 class=\"wp-block-heading\">Dois je \u00eatre \u00e0 jeun ?<\/h3>\n\n\n\n<p>Oui par mesure de pr\u00e9caution, afin d&rsquo;\u00e9viter tout risque d&rsquo;inhalation de liquide gastrique dans les poumons, il est conseill\u00e9 d&rsquo;\u00eatre \u00e0 je\u00fbn, 6h pour la nourriture solide, 2h pour le liquide.<\/p>\n\n\n\n<h3 class=\"wp-block-heading\">Que dois je surveiller dans les suites d&rsquo;une intervention ?<\/h3>\n\n\n\n<p>La premi\u00e8re chose \u00e0 surveiller, est la survenue de sympt\u00f4mes infectieux (fi\u00e8vre, \u00e9coulement au niveau du point de ponction).<br>En cas d&rsquo;intervention ayant n\u00e9cessit\u00e9 la ponction d&rsquo;une art\u00e8re, il faut surveiller qu&rsquo;il n&rsquo;y ai pas un gonflement brutal avec sensation d&rsquo;une boule qui bat, devant faire suspecter une faiblesse de l&rsquo;art\u00e8re ou faux an\u00e9vrisme.<\/p>\n<\/div><\/div>\n\n\n\n<p><\/p>\n","protected":false},"excerpt":{"rendered":"<p>Foire aux questions Qu&rsquo;est ce que l&#8217;embolisation ? Il s&rsquo;agit d&rsquo;une intervention dont le principe est de boucher un vaisseau art\u00e9riel ou veineux. L&rsquo;objectif \u00e9tant de diminuer l&rsquo;apport sanguin \u00e0 la zone malade.Elle se d\u00e9roule lors d&rsquo;une anesth\u00e9sie locale le plus souvent, parfois sous s\u00e9dation et impose dans les suites une surveillance pour v\u00e9rifier la &hellip; <a href=\"https:\/\/radiointerventions.com\/index.php\/faq\/\" class=\"more-link\">Lire la suite <span class=\"screen-reader-text\">FAQ<\/span><\/a><\/p>\n","protected":false},"author":1,"featured_media":0,"parent":0,"menu_order":0,"comment_status":"closed","ping_status":"closed","template":"","meta":{"footnotes":""},"aioseo_notices":[],"_links":{"self":[{"href":"https:\/\/radiointerventions.com\/index.php\/wp-json\/wp\/v2\/pages\/84"}],"collection":[{"href":"https:\/\/radiointerventions.com\/index.php\/wp-json\/wp\/v2\/pages"}],"about":[{"href":"https:\/\/radiointerventions.com\/index.php\/wp-json\/wp\/v2\/types\/page"}],"author":[{"embeddable":true,"href":"https:\/\/radiointerventions.com\/index.php\/wp-json\/wp\/v2\/users\/1"}],"replies":[{"embeddable":true,"href":"https:\/\/radiointerventions.com\/index.php\/wp-json\/wp\/v2\/comments?post=84"}],"version-history":[{"count":0,"href":"https:\/\/radiointerventions.com\/index.php\/wp-json\/wp\/v2\/pages\/84\/revisions"}],"wp:attachment":[{"href":"https:\/\/radiointerventions.com\/index.php\/wp-json\/wp\/v2\/media?parent=84"}],"curies":[{"name":"wp","href":"https:\/\/api.w.org\/{rel}","templated":true}]}}